{"id":17958,"date":"2024-11-16T13:46:22","date_gmt":"2024-11-16T16:46:22","guid":{"rendered":"https:\/\/ava.inovensa.com.br\/?post_type=product&#038;p=17958"},"modified":"2024-11-19T16:35:39","modified_gmt":"2024-11-19T19:35:39","slug":"workshop-de-radioprotecao-hemodinamica-e-radiologia-intervencionista","status":"publish","type":"product","link":"https:\/\/ava.inovensa.com.br\/pt_br\/produto\/workshop-de-radioprotecao-hemodinamica-e-radiologia-intervencionista\/","title":{"rendered":"Workshop de Radioprote\u00e7\u00e3o: Hemodin\u00e2mica e Radiologia Intervencionista"},"content":{"rendered":"<p>O Workshop foi gravado e transmitido online ao vivo pela Inovensa de 11 a 15 de novembro de 2024.<\/p>\n<p>Eleve sua carreira com o <strong>Workshop de Radioprote\u00e7\u00e3o: Hemodin\u00e2mica e Radiologia Intervencionista<\/strong>, um treinamento exclusivo e pr\u00e1tico, projetado para profissionais que desejam se destacar e garantir a m\u00e1xima seguran\u00e7a em procedimentos intervencionistas. Este curso online est\u00e1 dispon\u00edvel por <strong>180 dias<\/strong>, permitindo que voc\u00ea aprenda no seu ritmo e com flexibilidade total.<\/p>\n<p>Com o objetivo de capacitar profissionais e estudantes da \u00e1rea da sa\u00fade para implementar pr\u00e1ticas eficazes de radioprote\u00e7\u00e3o em ambientes de Hemodin\u00e2mica e Radiologia Intervencionista. O curso busca ampliar o conhecimento t\u00e9cnico e pr\u00e1tico sobre seguran\u00e7a radiol\u00f3gica, promovendo a redu\u00e7\u00e3o dos riscos associados \u00e0 exposi\u00e7\u00e3o \u00e0s radia\u00e7\u00f5es ionizantes, tanto para pacientes quanto para profissionais.<\/p>\n<p>A finalidade desse workshop \u00e9\u00a0 a de:<\/p>\n<ul>\n<li><strong>Garantir a seguran\u00e7a:<\/strong> Minimizar os efeitos adversos das radia\u00e7\u00f5es ionizantes em procedimentos intervencionistas.<\/li>\n<li><strong>Promover a excel\u00eancia profissional:<\/strong> Atualizar os participantes com as regulamenta\u00e7\u00f5es e inova\u00e7\u00f5es mais recentes na \u00e1rea de radioprote\u00e7\u00e3o.<\/li>\n<li><strong>Fortalecer a cultura de seguran\u00e7a:<\/strong> Incentivar a ado\u00e7\u00e3o de pr\u00e1ticas preventivas no dia a dia dos servi\u00e7os de sa\u00fade, contribuindo para a qualidade e seguran\u00e7a dos atendimentos.<\/li>\n<li><strong>Certificar e valorizar:<\/strong> Oferecer uma certifica\u00e7\u00e3o que valoriza o curr\u00edculo dos participantes e os prepara para demandas crescentes no mercado de trabalho.<\/li>\n<\/ul>\n","protected":false},"excerpt":{"rendered":"<p>Gravado e transmitido online ao vivo pela <strong>Inovensa<\/strong>, de 11 a 15 de novembro de 2024, este workshop exclusivo capacita profissionais e estudantes da \u00e1rea da sa\u00fade para aplicar pr\u00e1ticas eficazes de radioprote\u00e7\u00e3o. Dispon\u00edvel por 180 dias, o curso oferece flexibilidade total para estudar no seu ritmo, combinando conte\u00fado t\u00e9cnico atualizado e estrat\u00e9gias pr\u00e1ticas para garantir a seguran\u00e7a radiol\u00f3gica em procedimentos intervencionistas.<\/p>\n<p><strong>Destaques:<\/strong><\/p>\n<ul>\n<li><strong>Seguran\u00e7a:<\/strong> Redu\u00e7\u00e3o de riscos associados \u00e0s radia\u00e7\u00f5es ionizantes.<\/li>\n<li><strong>Excel\u00eancia Profissional:<\/strong> Atualiza\u00e7\u00e3o nas regulamenta\u00e7\u00f5es e inova\u00e7\u00f5es do setor.<\/li>\n<li><strong>Certifica\u00e7\u00e3o:<\/strong> Fortale\u00e7a seu curr\u00edculo e amplie suas oportunidades com certificados da Inovensa.<\/li>\n<\/ul>\n<p>Invista na sua forma\u00e7\u00e3o e seja refer\u00eancia em radioprote\u00e7\u00e3o no mercado de Hemodin\u00e2mica e Radiologia Intervencionista!<\/p>\n","protected":false},"featured_media":17961,"comment_status":"open","ping_status":"closed","template":"","meta":{"qubely_global_settings":"","qubely_interactions":""},"product_brand":[],"product_cat":[177,156,179],"product_tag":[],"class_list":{"0":"post-17958","1":"product","2":"type-product","3":"status-publish","4":"has-post-thumbnail","6":"product_cat-curso-online","7":"product_cat-radioprotecao","8":"product_cat-treinamento-profissional","10":"first","11":"instock","12":"sale","13":"virtual","14":"sold-individually","15":"taxable","16":"purchasable","17":"product-type-simple"},"_links":{"self":[{"href":"https:\/\/ava.inovensa.com.br\/pt_br\/wp-json\/wp\/v2\/product\/17958","targetHints":{"allow":["GET"]}}],"collection":[{"href":"https:\/\/ava.inovensa.com.br\/pt_br\/wp-json\/wp\/v2\/product"}],"about":[{"href":"https:\/\/ava.inovensa.com.br\/pt_br\/wp-json\/wp\/v2\/types\/product"}],"replies":[{"embeddable":true,"href":"https:\/\/ava.inovensa.com.br\/pt_br\/wp-json\/wp\/v2\/comments?post=17958"}],"version-history":[{"count":1,"href":"https:\/\/ava.inovensa.com.br\/pt_br\/wp-json\/wp\/v2\/product\/17958\/revisions"}],"predecessor-version":[{"id":17962,"href":"https:\/\/ava.inovensa.com.br\/pt_br\/wp-json\/wp\/v2\/product\/17958\/revisions\/17962"}],"wp:featuredmedia":[{"embeddable":true,"href":"https:\/\/ava.inovensa.com.br\/pt_br\/wp-json\/wp\/v2\/media\/17961"}],"wp:attachment":[{"href":"https:\/\/ava.inovensa.com.br\/pt_br\/wp-json\/wp\/v2\/media?parent=17958"}],"wp:term":[{"taxonomy":"product_brand","embeddable":true,"href":"https:\/\/ava.inovensa.com.br\/pt_br\/wp-json\/wp\/v2\/product_brand?post=17958"},{"taxonomy":"product_cat","embeddable":true,"href":"https:\/\/ava.inovensa.com.br\/pt_br\/wp-json\/wp\/v2\/product_cat?post=17958"},{"taxonomy":"product_tag","embeddable":true,"href":"https:\/\/ava.inovensa.com.br\/pt_br\/wp-json\/wp\/v2\/product_tag?post=17958"}],"curies":[{"name":"wp","href":"https:\/\/api.w.org\/{rel}","templated":true}]}}