{"id":17788,"date":"2024-10-01T18:39:50","date_gmt":"2024-10-01T21:39:50","guid":{"rendered":"https:\/\/ava.inovensa.com.br\/?post_type=product&#038;p=17788"},"modified":"2025-10-27T13:50:45","modified_gmt":"2025-10-27T16:50:45","slug":"curso-de-anatomia-muscular-cardiaca","status":"publish","type":"product","link":"https:\/\/ava.inovensa.com.br\/pt_br\/produto\/curso-de-anatomia-muscular-cardiaca\/","title":{"rendered":"Curso de Anatomia Card\u00edaca: Estruturas Musculares"},"content":{"rendered":"<p>O curso de <strong>Anatomia Card\u00edaca &#8211; Estruturas Musculares<\/strong> ser\u00e1 voltado para profissionais e estudantes da \u00e1rea da sa\u00fade que desejam aprofundar o conhecimento na morfologia muscular do cora\u00e7\u00e3o.<\/p>\n<p>O curso sobre a morfologia das estruturas musculares card\u00edacas abordar\u00e1 os aspectos anat\u00f4micos dos revestimentos card\u00edacos, c\u00e2maras atriais e ventriculares, e \u00f3stios card\u00edacos. Ser\u00e3o descritos os contornos, formatos e a organiza\u00e7\u00e3o das estruturas musculares que comp\u00f5em o cora\u00e7\u00e3o, sem explorar a fun\u00e7\u00e3o contr\u00e1til. O foco ser\u00e1 em como essas estruturas est\u00e3o dispostas anatomicamente, a espessura dos revestimentos musculares, a forma dos \u00f3stios e suas interconex\u00f5es entre as c\u00e2maras. Isso permitir\u00e1 aos alunos desenvolver uma compreens\u00e3o detalhada da arquitetura card\u00edaca com \u00eanfase na observa\u00e7\u00e3o e an\u00e1lise morfol\u00f3gica.<\/p>\n<h3><\/h3>\n","protected":false},"excerpt":{"rendered":"<p>Descubra o curso exclusivo de <em>Anatomia Card\u00edaca: Estruturas Musculares<\/em>, projetado para profissionais e estudantes da \u00e1rea da sa\u00fade que buscam um entendimento profundo da morfologia muscular do cora\u00e7\u00e3o. Neste curso, voc\u00ea mergulhar\u00e1 nos detalhes anat\u00f4micos dos revestimentos card\u00edacos, c\u00e2maras atriais e ventriculares, al\u00e9m dos \u00f3stios card\u00edacos, explorando seus contornos, formatos e como essas estruturas se organizam de forma interconectada.<\/p>\n<p>Com um foco dedicado \u00e0 disposi\u00e7\u00e3o anat\u00f4mica e \u00e0 espessura dos revestimentos musculares, o curso oferece uma abordagem \u00fanica para observar e analisar a arquitetura card\u00edaca, essencial para profissionais que desejam aprimorar suas habilidades em diagn\u00f3sticos e procedimentos cl\u00ednicos. Aqui, voc\u00ea desenvolver\u00e1 uma compreens\u00e3o detalhada das estruturas sem se preocupar com a fun\u00e7\u00e3o contr\u00e1til, garantindo uma vis\u00e3o clara e objetiva da morfologia card\u00edaca.<\/p>\n<p>Aproveite esta oportunidade para enriquecer seus conhecimentos e se destacar na \u00e1rea da sa\u00fade. Inscreva-se agora e eleve sua expertise no estudo do cora\u00e7\u00e3o humano!<\/p>\n","protected":false},"featured_media":17871,"comment_status":"open","ping_status":"closed","template":"","meta":{"qubely_global_settings":"","qubely_interactions":""},"product_brand":[],"product_cat":[230,231],"product_tag":[235,141,194,234,120,122,232,236,182,186,121,233,221],"class_list":{"0":"post-17788","1":"product","2":"type-product","3":"status-publish","4":"has-post-thumbnail","6":"product_cat-anatomia","7":"product_cat-anatomia-cardiaca","8":"product_tag-biomedicina","9":"product_tag-curso-online","10":"product_tag-enfermagem","11":"product_tag-estudantes-area-da-saude","12":"product_tag-hemodinamica","13":"product_tag-inovensa","14":"product_tag-medicos","15":"product_tag-profissionais-da-saude","16":"product_tag-radiologia","17":"product_tag-radiologia-diagnostica","18":"product_tag-radiologia-intervencionista","19":"product_tag-residentes","20":"product_tag-treinamento-profissional","22":"first","23":"instock","24":"sale","25":"virtual","26":"sold-individually","27":"taxable","28":"purchasable","29":"product-type-simple"},"_links":{"self":[{"href":"https:\/\/ava.inovensa.com.br\/pt_br\/wp-json\/wp\/v2\/product\/17788","targetHints":{"allow":["GET"]}}],"collection":[{"href":"https:\/\/ava.inovensa.com.br\/pt_br\/wp-json\/wp\/v2\/product"}],"about":[{"href":"https:\/\/ava.inovensa.com.br\/pt_br\/wp-json\/wp\/v2\/types\/product"}],"replies":[{"embeddable":true,"href":"https:\/\/ava.inovensa.com.br\/pt_br\/wp-json\/wp\/v2\/comments?post=17788"}],"version-history":[{"count":5,"href":"https:\/\/ava.inovensa.com.br\/pt_br\/wp-json\/wp\/v2\/product\/17788\/revisions"}],"predecessor-version":[{"id":17801,"href":"https:\/\/ava.inovensa.com.br\/pt_br\/wp-json\/wp\/v2\/product\/17788\/revisions\/17801"}],"wp:featuredmedia":[{"embeddable":true,"href":"https:\/\/ava.inovensa.com.br\/pt_br\/wp-json\/wp\/v2\/media\/17871"}],"wp:attachment":[{"href":"https:\/\/ava.inovensa.com.br\/pt_br\/wp-json\/wp\/v2\/media?parent=17788"}],"wp:term":[{"taxonomy":"product_brand","embeddable":true,"href":"https:\/\/ava.inovensa.com.br\/pt_br\/wp-json\/wp\/v2\/product_brand?post=17788"},{"taxonomy":"product_cat","embeddable":true,"href":"https:\/\/ava.inovensa.com.br\/pt_br\/wp-json\/wp\/v2\/product_cat?post=17788"},{"taxonomy":"product_tag","embeddable":true,"href":"https:\/\/ava.inovensa.com.br\/pt_br\/wp-json\/wp\/v2\/product_tag?post=17788"}],"curies":[{"name":"wp","href":"https:\/\/api.w.org\/{rel}","templated":true}]}}