{"id":17634,"date":"2024-09-01T13:11:11","date_gmt":"2024-09-01T16:11:11","guid":{"rendered":"https:\/\/ava.inovensa.com.br\/?post_type=product&#038;p=17634"},"modified":"2024-09-02T16:33:18","modified_gmt":"2024-09-02T19:33:18","slug":"curso-de-agendamento-de-procedimentos-intervencionistas","status":"publish","type":"product","link":"https:\/\/ava.inovensa.com.br\/pt_br\/produto\/curso-de-agendamento-de-procedimentos-intervencionistas\/","title":{"rendered":"Curso de Agendamento de Procedimentos Intervencionistas"},"content":{"rendered":"<p>O curso oferecer uma compreens\u00e3o aprofundada e pr\u00e1tica sobre o agendamento intervencionista em contextos de sa\u00fade.<\/p>\n<p><strong>Objetivo<\/strong>: 0 curso proporciona a forma\u00e7\u00e3o para profissionais de sa\u00fade abrangente oferecendo o desenvolvimento de uma vis\u00e3o que vai desde a parte operacional a gest\u00e3o do agendamento de procedimentos intervencionistas. Isso inclui desenvolver habilidades para realizar agendamentos precisos e eficientes, assegurar a seguran\u00e7a e efic\u00e1cia dos procedimentos, e entender a import\u00e2ncia da triagem e prioriza\u00e7\u00e3o de casos com base em patologias espec\u00edficas. O curso tamb\u00e9m visa capacitar os profissionais a integrar adequadamente exames e documenta\u00e7\u00e3o, garantir conformidade com normas regulat\u00f3rias e protocolos institucionais, e coordenar efetivamente entre diferentes setores, como enfermagem, radiologia e cardiologia, para otimizar o fluxo de trabalho e a seguran\u00e7a do paciente.<\/p>\n<p><strong>Metodologia:<\/strong> O curso ser\u00e1 oferecido em formato de aulas te\u00f3ricas online. Ser\u00e3o utilizados recursos videoaulas, estudos de caso e simula\u00e7\u00f5es para garantir a compreens\u00e3o e aplica\u00e7\u00e3o dos conceitos.<\/p>\n<p><strong>Carga hor\u00e1ria:<\/strong> 20 horas.<\/p>\n<p><strong>Certifica\u00e7\u00e3o<\/strong>: ap\u00f3s o aluno concluir todas as aulas, atividades e obter igual ou superior a 7,00 a certifica\u00e7\u00e3o ser\u00e1 liberada.<\/p>\n","protected":false},"excerpt":{"rendered":"<p>O curso oferece forma\u00e7\u00e3o abrangente para profissionais de sa\u00fade, desenvolvendo habilidades para gerenciar o agendamento de procedimentos intervencionistas com precis\u00e3o e efici\u00eancia, garantindo seguran\u00e7a e efic\u00e1cia, triagem de casos por patologias, integra\u00e7\u00e3o de exames e documenta\u00e7\u00e3o, conformidade com normas e coordena\u00e7\u00e3o entre setores, otimizando o fluxo de trabalho e a seguran\u00e7a do paciente. Ser\u00e1 ministrado em formato de aulas te\u00f3ricas online, utilizando videoaulas, estudos de caso e simula\u00e7\u00f5es para aplica\u00e7\u00e3o dos conceitos. Com carga hor\u00e1ria de 20 horas, a certifica\u00e7\u00e3o ser\u00e1 concedida ap\u00f3s a conclus\u00e3o de todas as aulas e atividades com nota igual ou superior a 7,00.<\/p>\n","protected":false},"featured_media":17640,"comment_status":"open","ping_status":"closed","template":"","meta":{"qubely_global_settings":"","qubely_interactions":""},"product_brand":[],"product_cat":[155,177,178,180,216,179],"product_tag":[219,141,182,121,220,221],"class_list":{"0":"post-17634","1":"product","2":"type-product","3":"status-publish","4":"has-post-thumbnail","6":"product_cat-curso","7":"product_cat-curso-online","8":"product_cat-educacao-continuada","9":"product_cat-formacao-inicial","10":"product_cat-horas-complementares","11":"product_cat-treinamento-profissional","12":"product_tag-agendamento-intervencionista","13":"product_tag-curso-online","14":"product_tag-radiologia","15":"product_tag-radiologia-intervencionista","16":"product_tag-treinamento","17":"product_tag-treinamento-profissional","19":"first","20":"instock","21":"sale","22":"virtual","23":"sold-individually","24":"purchasable","25":"product-type-simple"},"_links":{"self":[{"href":"https:\/\/ava.inovensa.com.br\/pt_br\/wp-json\/wp\/v2\/product\/17634","targetHints":{"allow":["GET"]}}],"collection":[{"href":"https:\/\/ava.inovensa.com.br\/pt_br\/wp-json\/wp\/v2\/product"}],"about":[{"href":"https:\/\/ava.inovensa.com.br\/pt_br\/wp-json\/wp\/v2\/types\/product"}],"replies":[{"embeddable":true,"href":"https:\/\/ava.inovensa.com.br\/pt_br\/wp-json\/wp\/v2\/comments?post=17634"}],"version-history":[{"count":2,"href":"https:\/\/ava.inovensa.com.br\/pt_br\/wp-json\/wp\/v2\/product\/17634\/revisions"}],"predecessor-version":[{"id":17638,"href":"https:\/\/ava.inovensa.com.br\/pt_br\/wp-json\/wp\/v2\/product\/17634\/revisions\/17638"}],"wp:featuredmedia":[{"embeddable":true,"href":"https:\/\/ava.inovensa.com.br\/pt_br\/wp-json\/wp\/v2\/media\/17640"}],"wp:attachment":[{"href":"https:\/\/ava.inovensa.com.br\/pt_br\/wp-json\/wp\/v2\/media?parent=17634"}],"wp:term":[{"taxonomy":"product_brand","embeddable":true,"href":"https:\/\/ava.inovensa.com.br\/pt_br\/wp-json\/wp\/v2\/product_brand?post=17634"},{"taxonomy":"product_cat","embeddable":true,"href":"https:\/\/ava.inovensa.com.br\/pt_br\/wp-json\/wp\/v2\/product_cat?post=17634"},{"taxonomy":"product_tag","embeddable":true,"href":"https:\/\/ava.inovensa.com.br\/pt_br\/wp-json\/wp\/v2\/product_tag?post=17634"}],"curies":[{"name":"wp","href":"https:\/\/api.w.org\/{rel}","templated":true}]}}