{"id":17567,"date":"2024-08-31T08:22:34","date_gmt":"2024-08-31T11:22:34","guid":{"rendered":"https:\/\/ava.inovensa.com.br\/?post_type=product&#038;p=17567"},"modified":"2024-09-02T17:29:11","modified_gmt":"2024-09-02T20:29:11","slug":"curso-de-biosseguranca-para-hemodinamica-e-radiologia-intervencionista","status":"publish","type":"product","link":"https:\/\/ava.inovensa.com.br\/pt_br\/produto\/curso-de-biosseguranca-para-hemodinamica-e-radiologia-intervencionista\/","title":{"rendered":"Curso de Biosseguran\u00e7a em Setor Intervencionista"},"content":{"rendered":"<p>O curso visa capacitar profissionais de sa\u00fade para atuar em Hemodin\u00e2mica e Radiologia Intervencionista, com conhecimentos essenciais sobre biosseguran\u00e7a. O curso aborda temas desde cuidados b\u00e1sicos as pr\u00e1ticas preventivas visando garantir a seguran\u00e7a do paciente e do profissional durante procedimentos intervencionistas.<br \/>\nO curso ser\u00e1 ministrado por meio de aulas online, com estudos de caso, simula\u00e7\u00f5es de procedimentos, e discuss\u00f5es sobre a aplica\u00e7\u00e3o das normas de biosseguran\u00e7a no cotidiano dos profissionais.<br \/>\nProfissionais de sa\u00fade, especialmente aqueles atuando em Hemodin\u00e2mica, Radiologia Intervencionista, e \u00e1reas correlatas que necessitam de conhecimento em biosseguran\u00e7a.<\/p>\n","protected":false},"excerpt":{"rendered":"<p>O curso \u00e9 projetado para capacitar profissionais de sa\u00fade que atuam em Hemodin\u00e2mica e Radiologia Intervencionista, oferecendo a forma\u00e7\u00e3o essencial em biosseguran\u00e7a, para atua\u00e7\u00e3o em setores intervencionistas. O objetivo \u00e9 fornecer aos participantes um conhecimento sobre as pr\u00e1ticas de biosseguran\u00e7a realizadas para o funcionamento seguro desse segmento, que v\u00e3o desde os cuidados b\u00e1sicos at\u00e9 as t\u00e9cnicas avan\u00e7adas de preven\u00e7\u00e3o, cruciais para garantir a seguran\u00e7a tanto dos pacientes quanto dos profissionais durante os procedimentos intervencionistas.<br \/>\nO curso foi desenhado para proporcionar uma forma\u00e7\u00e3o preparando os profissionais para enfrentar os desafios da biosseguran\u00e7a nos ambientes de alta complexidade que caracterizam a Hemodin\u00e2mica e a Radiologia Intervencionista.<\/p>\n","protected":false},"featured_media":17575,"comment_status":"open","ping_status":"closed","template":"","meta":{"qubely_global_settings":"","qubely_interactions":""},"product_brand":[],"product_cat":[155,177,178,180,216,179],"product_tag":[217,120,218,122,184,182,186,121,181],"class_list":{"0":"post-17567","1":"product","2":"type-product","3":"status-publish","4":"has-post-thumbnail","6":"product_cat-curso","7":"product_cat-curso-online","8":"product_cat-educacao-continuada","9":"product_cat-formacao-inicial","10":"product_cat-horas-complementares","11":"product_cat-treinamento-profissional","12":"product_tag-biosseguranca","13":"product_tag-hemodinamica","14":"product_tag-higienizacao","15":"product_tag-inovensa","16":"product_tag-protecao-radiologica","17":"product_tag-radiologia","18":"product_tag-radiologia-diagnostica","19":"product_tag-radiologia-intervencionista","20":"product_tag-radioprotecao","22":"first","23":"instock","24":"sale","25":"virtual","26":"sold-individually","27":"purchasable","28":"product-type-simple"},"_links":{"self":[{"href":"https:\/\/ava.inovensa.com.br\/pt_br\/wp-json\/wp\/v2\/product\/17567","targetHints":{"allow":["GET"]}}],"collection":[{"href":"https:\/\/ava.inovensa.com.br\/pt_br\/wp-json\/wp\/v2\/product"}],"about":[{"href":"https:\/\/ava.inovensa.com.br\/pt_br\/wp-json\/wp\/v2\/types\/product"}],"replies":[{"embeddable":true,"href":"https:\/\/ava.inovensa.com.br\/pt_br\/wp-json\/wp\/v2\/comments?post=17567"}],"version-history":[{"count":7,"href":"https:\/\/ava.inovensa.com.br\/pt_br\/wp-json\/wp\/v2\/product\/17567\/revisions"}],"predecessor-version":[{"id":17697,"href":"https:\/\/ava.inovensa.com.br\/pt_br\/wp-json\/wp\/v2\/product\/17567\/revisions\/17697"}],"wp:featuredmedia":[{"embeddable":true,"href":"https:\/\/ava.inovensa.com.br\/pt_br\/wp-json\/wp\/v2\/media\/17575"}],"wp:attachment":[{"href":"https:\/\/ava.inovensa.com.br\/pt_br\/wp-json\/wp\/v2\/media?parent=17567"}],"wp:term":[{"taxonomy":"product_brand","embeddable":true,"href":"https:\/\/ava.inovensa.com.br\/pt_br\/wp-json\/wp\/v2\/product_brand?post=17567"},{"taxonomy":"product_cat","embeddable":true,"href":"https:\/\/ava.inovensa.com.br\/pt_br\/wp-json\/wp\/v2\/product_cat?post=17567"},{"taxonomy":"product_tag","embeddable":true,"href":"https:\/\/ava.inovensa.com.br\/pt_br\/wp-json\/wp\/v2\/product_tag?post=17567"}],"curies":[{"name":"wp","href":"https:\/\/api.w.org\/{rel}","templated":true}]}}