{"id":17369,"date":"2024-08-23T18:38:58","date_gmt":"2024-08-23T21:38:58","guid":{"rendered":"https:\/\/ava.inovensa.com.br\/pt_br\/produto\/curso-de-introducao-a-anatomia-cardiovascular-formacao-inicial-e-revisao\/"},"modified":"2025-10-27T13:51:58","modified_gmt":"2025-10-27T16:51:58","slug":"curso-de-introducao-a-anatomia-cardiovascular-formacao-inicial-e-revisao","status":"publish","type":"product","link":"https:\/\/ava.inovensa.com.br\/pt_br\/produto\/curso-de-introducao-a-anatomia-cardiovascular-formacao-inicial-e-revisao\/","title":{"rendered":"Curso de Introdu\u00e7\u00e3o \u00e0 Anatomia Cardiovascular: Forma\u00e7\u00e3o Inicial e Revis\u00e3o"},"content":{"rendered":"","protected":false},"excerpt":{"rendered":"","protected":false},"featured_media":17374,"comment_status":"open","ping_status":"closed","template":"","meta":{"qubely_global_settings":"","qubely_interactions":""},"product_brand":[],"product_cat":[15],"product_tag":[],"class_list":{"0":"post-17369","1":"product","2":"type-product","3":"status-publish","4":"has-post-thumbnail","6":"product_cat-sem-categoria","8":"first","9":"instock","10":"sale","11":"virtual","12":"sold-individually","13":"taxable","14":"purchasable","15":"product-type-simple"},"_links":{"self":[{"href":"https:\/\/ava.inovensa.com.br\/pt_br\/wp-json\/wp\/v2\/product\/17369","targetHints":{"allow":["GET"]}}],"collection":[{"href":"https:\/\/ava.inovensa.com.br\/pt_br\/wp-json\/wp\/v2\/product"}],"about":[{"href":"https:\/\/ava.inovensa.com.br\/pt_br\/wp-json\/wp\/v2\/types\/product"}],"replies":[{"embeddable":true,"href":"https:\/\/ava.inovensa.com.br\/pt_br\/wp-json\/wp\/v2\/comments?post=17369"}],"version-history":[{"count":1,"href":"https:\/\/ava.inovensa.com.br\/pt_br\/wp-json\/wp\/v2\/product\/17369\/revisions"}],"predecessor-version":[{"id":18062,"href":"https:\/\/ava.inovensa.com.br\/pt_br\/wp-json\/wp\/v2\/product\/17369\/revisions\/18062"}],"wp:featuredmedia":[{"embeddable":true,"href":"https:\/\/ava.inovensa.com.br\/pt_br\/wp-json\/wp\/v2\/media\/17374"}],"wp:attachment":[{"href":"https:\/\/ava.inovensa.com.br\/pt_br\/wp-json\/wp\/v2\/media?parent=17369"}],"wp:term":[{"taxonomy":"product_brand","embeddable":true,"href":"https:\/\/ava.inovensa.com.br\/pt_br\/wp-json\/wp\/v2\/product_brand?post=17369"},{"taxonomy":"product_cat","embeddable":true,"href":"https:\/\/ava.inovensa.com.br\/pt_br\/wp-json\/wp\/v2\/product_cat?post=17369"},{"taxonomy":"product_tag","embeddable":true,"href":"https:\/\/ava.inovensa.com.br\/pt_br\/wp-json\/wp\/v2\/product_tag?post=17369"}],"curies":[{"name":"wp","href":"https:\/\/api.w.org\/{rel}","templated":true}]}}