{"id":17323,"date":"2024-08-05T22:19:36","date_gmt":"2024-08-06T01:19:36","guid":{"rendered":"https:\/\/ava.inovensa.com.br\/pt_br\/produto\/curso-de-radioprotecao-para-ambientes-intervencionistas-2\/"},"modified":"2024-11-16T13:46:11","modified_gmt":"2024-11-16T16:46:11","slug":"curso-de-radioprotecao-para-ambientes-intervencionistas-2","status":"publish","type":"product","link":"https:\/\/ava.inovensa.com.br\/pt_br\/produto\/curso-de-radioprotecao-para-ambientes-intervencionistas-2\/","title":{"rendered":"Curso de Radioprote\u00e7\u00e3o para Ambientes Intervencionistas"},"content":{"rendered":"<p><strong>Objetivo:<\/strong> O Curso de Radioprote\u00e7\u00e3o para Ambientes Intervencionistas \u00e9 uma forma\u00e7\u00e3o essencial para profissionais de sa\u00fade que atuam em \u00e1reas onde h\u00e1 exposi\u00e7\u00e3o \u00e0 radia\u00e7\u00e3o ionizante, como hemodin\u00e2mica, radiologia intervencionista, cardiologia, e cirurgia vascular.\u00a0Este curso visa garantir a seguran\u00e7a e a qualidade no ambiente de trabalho em locais com exposi\u00e7\u00e3o \u00e0 radia\u00e7\u00e3o, capacitando m\u00e9dicos, enfermeiros, t\u00e9cnicos e outros profissionais de sa\u00fade a aplicar pr\u00e1ticas seguras e eficazes de radioprote\u00e7\u00e3o, garantindo a seguran\u00e7a tanto dos pacientes quanto dos profissionais.<\/p>\n<p><strong>Metodologia:<\/strong> O curso ser\u00e1 oferecido em formato de aulas te\u00f3ricas online. Ser\u00e3o utilizados recursos videoaulas, estudos de caso e simula\u00e7\u00f5es para garantir a compreens\u00e3o e aplica\u00e7\u00e3o dos conceitos.<\/p>\n<p><strong>P\u00fablico-Alvo:<\/strong> Este curso \u00e9 direcionado a m\u00e9dicos, enfermeiros, t\u00e9cnicos em radiologia, tecn\u00f3logos em radiologia, f\u00edsicos m\u00e9dicos e outros profissionais de sa\u00fade que atuam em ambientes onde h\u00e1 uso de radia\u00e7\u00e3o ionizante.<\/p>\n<p><strong>Certifica\u00e7\u00e3o:<\/strong> Os participantes que conclu\u00edrem com sucesso o curso receber\u00e3o um certificado de conclus\u00e3o digital, reconhecido pelas principais institui\u00e7\u00f5es de sa\u00fade e \u00f3rg\u00e3os reguladores como curso profissionalizante livre para qualifica\u00e7\u00e3o profissional.<\/p>\n","protected":false},"excerpt":{"rendered":"<p>Metodologia: O curso ser\u00e1 oferecido em formato de aulas te\u00f3ricas online. Ser\u00e3o utilizados diversos recursos para garantir a compreens\u00e3o e aplica\u00e7\u00e3o dos conceitos:<\/p>\n<p>Videoaulas: Apresenta\u00e7\u00f5es din\u00e2micas e detalhadas sobre os princ\u00edpios e pr\u00e1ticas de radioprote\u00e7\u00e3o.<br \/>\nArtigos Cient\u00edficos: Leituras complementares para aprofundamento te\u00f3rico e atualiza\u00e7\u00e3o sobre as melhores pr\u00e1ticas.<br \/>\nQuest\u00f5es: Exerc\u00edcios de fixa\u00e7\u00e3o e avalia\u00e7\u00f5es para testar o conhecimento adquirido.<br \/>\nSlides: Material de apoio visual para facilitar o entendimento e revis\u00e3o dos t\u00f3picos abordados.<\/p>\n","protected":false},"featured_media":17321,"comment_status":"open","ping_status":"closed","template":"","meta":{"qubely_global_settings":"","qubely_interactions":""},"product_brand":[],"product_cat":[15,177,178,180,156,179],"product_tag":[],"class_list":{"0":"post-17323","1":"product","2":"type-product","3":"status-publish","4":"has-post-thumbnail","6":"product_cat-sem-categoria","7":"product_cat-curso-online","8":"product_cat-educacao-continuada","9":"product_cat-formacao-inicial","10":"product_cat-radioprotecao","11":"product_cat-treinamento-profissional","13":"first","14":"instock","15":"sale","16":"virtual","17":"sold-individually","18":"taxable","19":"purchasable","20":"product-type-simple"},"_links":{"self":[{"href":"https:\/\/ava.inovensa.com.br\/pt_br\/wp-json\/wp\/v2\/product\/17323","targetHints":{"allow":["GET"]}}],"collection":[{"href":"https:\/\/ava.inovensa.com.br\/pt_br\/wp-json\/wp\/v2\/product"}],"about":[{"href":"https:\/\/ava.inovensa.com.br\/pt_br\/wp-json\/wp\/v2\/types\/product"}],"replies":[{"embeddable":true,"href":"https:\/\/ava.inovensa.com.br\/pt_br\/wp-json\/wp\/v2\/comments?post=17323"}],"version-history":[{"count":3,"href":"https:\/\/ava.inovensa.com.br\/pt_br\/wp-json\/wp\/v2\/product\/17323\/revisions"}],"predecessor-version":[{"id":17635,"href":"https:\/\/ava.inovensa.com.br\/pt_br\/wp-json\/wp\/v2\/product\/17323\/revisions\/17635"}],"wp:featuredmedia":[{"embeddable":true,"href":"https:\/\/ava.inovensa.com.br\/pt_br\/wp-json\/wp\/v2\/media\/17321"}],"wp:attachment":[{"href":"https:\/\/ava.inovensa.com.br\/pt_br\/wp-json\/wp\/v2\/media?parent=17323"}],"wp:term":[{"taxonomy":"product_brand","embeddable":true,"href":"https:\/\/ava.inovensa.com.br\/pt_br\/wp-json\/wp\/v2\/product_brand?post=17323"},{"taxonomy":"product_cat","embeddable":true,"href":"https:\/\/ava.inovensa.com.br\/pt_br\/wp-json\/wp\/v2\/product_cat?post=17323"},{"taxonomy":"product_tag","embeddable":true,"href":"https:\/\/ava.inovensa.com.br\/pt_br\/wp-json\/wp\/v2\/product_tag?post=17323"}],"curies":[{"name":"wp","href":"https:\/\/api.w.org\/{rel}","templated":true}]}}