{"id":16306,"date":"2024-06-01T13:22:48","date_gmt":"2024-06-01T16:22:48","guid":{"rendered":"https:\/\/ava.inovensa.com.br\/?post_type=product&#038;p=16306"},"modified":"2024-11-16T13:45:43","modified_gmt":"2024-11-16T16:45:43","slug":"curso-de-cardiologia-basica-anatomia-fisiologia-e-eletrofisiologia","status":"publish","type":"product","link":"https:\/\/ava.inovensa.com.br\/pt_br\/produto\/curso-de-cardiologia-basica-anatomia-fisiologia-e-eletrofisiologia\/","title":{"rendered":"Curso de Anatomia do Sistema Cardiovascular"},"content":{"rendered":"","protected":false},"excerpt":{"rendered":"<p>Este curso oferece uma compreens\u00e3o abrangente dos principais aspectos da anatomia, eletrofisiologia e fisiologia card\u00edaca. Projetado para profissionais de sa\u00fade, estudantes de medicina e \u00e1reas afins, o curso aborda os fundamentos da estrutura e funcionamento do cora\u00e7\u00e3o, a atividade el\u00e9trica que regula o ritmo card\u00edaco e os processos fisiol\u00f3gicos que sustentam a circula\u00e7\u00e3o sangu\u00ednea.<\/p>\n","protected":false},"featured_media":17358,"comment_status":"open","ping_status":"closed","template":"","meta":{"qubely_global_settings":"","qubely_interactions":""},"product_brand":[],"product_cat":[177,178,180,179],"product_tag":[],"class_list":{"0":"post-16306","1":"product","2":"type-product","3":"status-publish","4":"has-post-thumbnail","6":"product_cat-curso-online","7":"product_cat-educacao-continuada","8":"product_cat-formacao-inicial","9":"product_cat-treinamento-profissional","11":"first","12":"instock","13":"sale","14":"virtual","15":"sold-individually","16":"taxable","17":"purchasable","18":"product-type-simple"},"_links":{"self":[{"href":"https:\/\/ava.inovensa.com.br\/pt_br\/wp-json\/wp\/v2\/product\/16306","targetHints":{"allow":["GET"]}}],"collection":[{"href":"https:\/\/ava.inovensa.com.br\/pt_br\/wp-json\/wp\/v2\/product"}],"about":[{"href":"https:\/\/ava.inovensa.com.br\/pt_br\/wp-json\/wp\/v2\/types\/product"}],"replies":[{"embeddable":true,"href":"https:\/\/ava.inovensa.com.br\/pt_br\/wp-json\/wp\/v2\/comments?post=16306"}],"version-history":[{"count":6,"href":"https:\/\/ava.inovensa.com.br\/pt_br\/wp-json\/wp\/v2\/product\/16306\/revisions"}],"predecessor-version":[{"id":17837,"href":"https:\/\/ava.inovensa.com.br\/pt_br\/wp-json\/wp\/v2\/product\/16306\/revisions\/17837"}],"wp:featuredmedia":[{"embeddable":true,"href":"https:\/\/ava.inovensa.com.br\/pt_br\/wp-json\/wp\/v2\/media\/17358"}],"wp:attachment":[{"href":"https:\/\/ava.inovensa.com.br\/pt_br\/wp-json\/wp\/v2\/media?parent=16306"}],"wp:term":[{"taxonomy":"product_brand","embeddable":true,"href":"https:\/\/ava.inovensa.com.br\/pt_br\/wp-json\/wp\/v2\/product_brand?post=16306"},{"taxonomy":"product_cat","embeddable":true,"href":"https:\/\/ava.inovensa.com.br\/pt_br\/wp-json\/wp\/v2\/product_cat?post=16306"},{"taxonomy":"product_tag","embeddable":true,"href":"https:\/\/ava.inovensa.com.br\/pt_br\/wp-json\/wp\/v2\/product_tag?post=16306"}],"curies":[{"name":"wp","href":"https:\/\/api.w.org\/{rel}","templated":true}]}}