{"id":15990,"date":"2024-05-18T16:26:03","date_gmt":"2024-05-18T19:26:03","guid":{"rendered":"https:\/\/ava.inovensa.com.br\/?post_type=product&#038;p=15990"},"modified":"2025-10-27T13:49:22","modified_gmt":"2025-10-27T16:49:22","slug":"introducao-a-radioprotecao","status":"publish","type":"product","link":"https:\/\/ava.inovensa.com.br\/pt_br\/produto\/introducao-a-radioprotecao\/","title":{"rendered":"Conceitos de Radioprote\u00e7\u00e3o Aplicados na Medicina"},"content":{"rendered":"<div>\n<div>\n<div>\n<div>\n<p><strong>Curso de Introdu\u00e7\u00e3o \u00e0 Radioprote\u00e7\u00e3o<\/strong><\/p>\n<p>O curso proporciona aos participantes um entendimento b\u00e1sico sobre os princ\u00edpios e pr\u00e1ticas da radioprote\u00e7\u00e3o, enfatizando a import\u00e2ncia da seguran\u00e7a ao lidar com radia\u00e7\u00f5es ionizantes em ambientes m\u00e9dicos, industriais e de pesquisa\u00a0 .<\/p>\n<p>Profissionais e estudantes das \u00e1reas de sa\u00fade (como m\u00e9dicos, enfermeiros, t\u00e9cnicos em radiologia), pesquisadores, engenheiros, e demais interessados que atuam ou pretendem atuar em ambientes onde h\u00e1 exposi\u00e7\u00e3o a radia\u00e7\u00f5es ionizantes.<\/p>\n<p><strong>Carga Hor\u00e1ria:<\/strong> 02 horas<\/p>\n<p><strong>Metodologia:<\/strong> Aulas te\u00f3ricas com apoio de material audiovisual, relato de caso e exerc\u00edcios.<\/p>\n<p><strong>Avalia\u00e7\u00e3o:<\/strong> Prova te\u00f3rica ao final do curso.<\/p>\n<p><strong>Certifica\u00e7\u00e3o:<\/strong> Certificado digital de conclus\u00e3o emitido para participantes que obtiverem aproveitamento satisfat\u00f3rio.<\/p>\n<hr \/>\n<p>Este curso \u00e9 ideal para fornecer os conhecimentos b\u00e1sicos que os profissionais precisam para garantir a seguran\u00e7a em ambientes onde a radia\u00e7\u00e3o ionizante \u00e9 utilizada, prepara os profissionais para pr\u00e1ticas seguras e conformidade com as regulamenta\u00e7\u00f5es vigentes.<\/p>\n<\/div>\n<\/div>\n<\/div>\n<\/div>\n","protected":false},"excerpt":{"rendered":"<p>Curso de Introdu\u00e7\u00e3o \u00e0 Radioprote\u00e7\u00e3o O curso proporciona aos participantes um entendimento b\u00e1sico sobre os princ\u00edpios e pr\u00e1ticas da radioprote\u00e7\u00e3o,<\/p>\n","protected":false},"featured_media":16350,"comment_status":"open","ping_status":"closed","template":"","meta":{"qubely_global_settings":"","qubely_interactions":""},"product_brand":[],"product_cat":[155,177,178,180,156,179],"product_tag":[183,146,185,184,182,186,121,181],"class_list":{"0":"post-15990","1":"product","2":"type-product","3":"status-publish","4":"has-post-thumbnail","6":"product_cat-curso","7":"product_cat-curso-online","8":"product_cat-educacao-continuada","9":"product_cat-formacao-inicial","10":"product_cat-radioprotecao","11":"product_cat-treinamento-profissional","12":"product_tag-dosimetria","13":"product_tag-imagem-medica","14":"product_tag-legislacao-radiologica","15":"product_tag-protecao-radiologica","16":"product_tag-radiologia","17":"product_tag-radiologia-diagnostica","18":"product_tag-radiologia-intervencionista","19":"product_tag-radioprotecao","21":"first","22":"instock","23":"sale","24":"virtual","25":"sold-individually","26":"taxable","27":"purchasable","28":"product-type-simple"},"_links":{"self":[{"href":"https:\/\/ava.inovensa.com.br\/pt_br\/wp-json\/wp\/v2\/product\/15990","targetHints":{"allow":["GET"]}}],"collection":[{"href":"https:\/\/ava.inovensa.com.br\/pt_br\/wp-json\/wp\/v2\/product"}],"about":[{"href":"https:\/\/ava.inovensa.com.br\/pt_br\/wp-json\/wp\/v2\/types\/product"}],"replies":[{"embeddable":true,"href":"https:\/\/ava.inovensa.com.br\/pt_br\/wp-json\/wp\/v2\/comments?post=15990"}],"version-history":[{"count":7,"href":"https:\/\/ava.inovensa.com.br\/pt_br\/wp-json\/wp\/v2\/product\/15990\/revisions"}],"predecessor-version":[{"id":16329,"href":"https:\/\/ava.inovensa.com.br\/pt_br\/wp-json\/wp\/v2\/product\/15990\/revisions\/16329"}],"wp:featuredmedia":[{"embeddable":true,"href":"https:\/\/ava.inovensa.com.br\/pt_br\/wp-json\/wp\/v2\/media\/16350"}],"wp:attachment":[{"href":"https:\/\/ava.inovensa.com.br\/pt_br\/wp-json\/wp\/v2\/media?parent=15990"}],"wp:term":[{"taxonomy":"product_brand","embeddable":true,"href":"https:\/\/ava.inovensa.com.br\/pt_br\/wp-json\/wp\/v2\/product_brand?post=15990"},{"taxonomy":"product_cat","embeddable":true,"href":"https:\/\/ava.inovensa.com.br\/pt_br\/wp-json\/wp\/v2\/product_cat?post=15990"},{"taxonomy":"product_tag","embeddable":true,"href":"https:\/\/ava.inovensa.com.br\/pt_br\/wp-json\/wp\/v2\/product_tag?post=15990"}],"curies":[{"name":"wp","href":"https:\/\/api.w.org\/{rel}","templated":true}]}}