{"id":14507,"date":"2023-12-05T12:05:58","date_gmt":"2023-12-05T15:05:58","guid":{"rendered":"https:\/\/ava.inovensa.com.br\/?post_type=product&#038;p=14507"},"modified":"2025-01-16T15:04:27","modified_gmt":"2025-01-16T18:04:27","slug":"iii-simposio-de-hemodinamica-e-radiologia-intervencionista","status":"publish","type":"product","link":"https:\/\/ava.inovensa.com.br\/pt_br\/produto\/iii-simposio-de-hemodinamica-e-radiologia-intervencionista\/","title":{"rendered":"III &#8211; Simp\u00f3sio de Hemodin\u00e2mica e Radiologia Intervencionista."},"content":{"rendered":"<p><span style=\"vertical-align: inherit;\">Este evento ir\u00e1 te ajudar a explorar avan\u00e7os, tend\u00eancias e\u00a0 estrat\u00e9gias vision\u00e1rias, que circundam o universo da hemodin\u00e2mica e radiologia intervencionista.\u00a0<\/span><\/p>\n<p><span style=\"vertical-align: inherit;\">Voc\u00ea se conectar\u00e1 as compet\u00eancias, tecnologias,\u00a0<\/span><span style=\"background-color: var(--body-bg-color); text-transform: var(--body-text-transform);\"><span style=\"vertical-align: inherit;\">pr\u00e1ticas, desafios<\/span><\/span><span style=\"background-color: var(--body-bg-color); text-transform: var(--body-text-transform);\"><span style=\"vertical-align: inherit;\">\u00a0e id\u00e9ias que foram compartilhadas no III Simp\u00f3sio de Hemodin\u00e2mica e de Radiologia Intervencionista e, que est\u00e3o\u00a0<\/span><\/span><span style=\"background-color: var(--body-bg-color); text-transform: var(--body-text-transform);\"><span style=\"vertical-align: inherit;\">impulsionado o futuro das interven\u00e7\u00f5es m\u00e9dicas.<\/span><\/span><\/p>\n<p><span style=\"vertical-align: inherit;\">O evento tem um perfil multiprofissional, como das equipes que formam os setores intervencionistas, com profissionais m\u00e9dicos, da enfermagem, da radiologia, entre outras profiss\u00f5es que integram as diversificadas equipes intervencionistas.\u00a0<\/span><\/p>\n<p><span style=\"vertical-align: inherit;\">Inscreva-se!<\/span><\/p>\n","protected":false},"excerpt":{"rendered":"<p>Voc\u00ea ter\u00e1 acesso por doze meses as palestras e debates do III Simp\u00f3sio de Hemodin\u00e2mica e Radiologia Intervencionista, realizado de 21 a 24 de novembro de 2023.<\/p>\n<p>&nbsp;<\/p>\n","protected":false},"featured_media":14469,"comment_status":"open","ping_status":"closed","template":"","meta":{"qubely_global_settings":"","qubely_interactions":""},"product_brand":[],"product_cat":[127],"product_tag":[118,123,120,122,121,119],"class_list":{"0":"post-14507","1":"product","2":"type-product","3":"status-publish","4":"has-post-thumbnail","6":"product_cat-eventos","7":"product_tag-evento","8":"product_tag-evento-online","9":"product_tag-hemodinamica","10":"product_tag-inovensa","11":"product_tag-radiologia-intervencionista","12":"product_tag-simposio","14":"first","15":"instock","16":"virtual","17":"sold-individually","18":"purchasable","19":"product-type-simple"},"_links":{"self":[{"href":"https:\/\/ava.inovensa.com.br\/pt_br\/wp-json\/wp\/v2\/product\/14507","targetHints":{"allow":["GET"]}}],"collection":[{"href":"https:\/\/ava.inovensa.com.br\/pt_br\/wp-json\/wp\/v2\/product"}],"about":[{"href":"https:\/\/ava.inovensa.com.br\/pt_br\/wp-json\/wp\/v2\/types\/product"}],"replies":[{"embeddable":true,"href":"https:\/\/ava.inovensa.com.br\/pt_br\/wp-json\/wp\/v2\/comments?post=14507"}],"version-history":[{"count":2,"href":"https:\/\/ava.inovensa.com.br\/pt_br\/wp-json\/wp\/v2\/product\/14507\/revisions"}],"predecessor-version":[{"id":16264,"href":"https:\/\/ava.inovensa.com.br\/pt_br\/wp-json\/wp\/v2\/product\/14507\/revisions\/16264"}],"wp:featuredmedia":[{"embeddable":true,"href":"https:\/\/ava.inovensa.com.br\/pt_br\/wp-json\/wp\/v2\/media\/14469"}],"wp:attachment":[{"href":"https:\/\/ava.inovensa.com.br\/pt_br\/wp-json\/wp\/v2\/media?parent=14507"}],"wp:term":[{"taxonomy":"product_brand","embeddable":true,"href":"https:\/\/ava.inovensa.com.br\/pt_br\/wp-json\/wp\/v2\/product_brand?post=14507"},{"taxonomy":"product_cat","embeddable":true,"href":"https:\/\/ava.inovensa.com.br\/pt_br\/wp-json\/wp\/v2\/product_cat?post=14507"},{"taxonomy":"product_tag","embeddable":true,"href":"https:\/\/ava.inovensa.com.br\/pt_br\/wp-json\/wp\/v2\/product_tag?post=14507"}],"curies":[{"name":"wp","href":"https:\/\/api.w.org\/{rel}","templated":true}]}}