{"id":15489,"date":"2024-01-02T09:28:18","date_gmt":"2024-01-02T12:28:18","guid":{"rendered":"https:\/\/ava.inovensa.com.br\/?page_id=15489"},"modified":"2024-11-18T16:33:48","modified_gmt":"2024-11-18T19:33:48","slug":"eventos","status":"publish","type":"page","link":"https:\/\/ava.inovensa.com.br\/pt_br\/eventos\/","title":{"rendered":"Eventos Realizados"},"content":{"rendered":"\t\t<div data-elementor-type=\"wp-page\" data-elementor-id=\"15489\" class=\"elementor elementor-15489\" data-elementor-post-type=\"page\">\n\t\t\t\t<div class=\"elementor-element elementor-element-241e087 e-flex e-con-boxed e-con e-parent\" data-id=\"241e087\" data-element_type=\"container\">\n\t\t\t\t\t<div class=\"e-con-inner\">\n\t\t<div class=\"elementor-element elementor-element-1e6a382 e-con-full e-flex e-con e-child\" data-id=\"1e6a382\" data-element_type=\"container\">\n\t\t\t\t<div class=\"elementor-element elementor-element-0c7a09a elementor-widget elementor-widget-heading\" data-id=\"0c7a09a\" data-element_type=\"widget\" data-widget_type=\"heading.default\">\n\t\t\t\t<div class=\"elementor-widget-container\">\n\t\t\t\t\t<h2 class=\"elementor-heading-title elementor-size-default\"><font color=\"#4B0082\">Eventos Realizados <\/font><\/h2>\t\t\t\t<\/div>\n\t\t\t\t<\/div>\n\t\t\t\t<div class=\"elementor-element elementor-element-4874862 elementor-widget elementor-widget-text-editor\" data-id=\"4874862\" data-element_type=\"widget\" data-widget_type=\"text-editor.default\">\n\t\t\t\t<div class=\"elementor-widget-container\">\n\t\t\t\t\t\t\t\t\t<p><strong><span style=\"vertical-align: inherit; color: #000000;\"><span style=\"vertical-align: inherit;\"><span style=\"vertical-align: inherit;\"><span style=\"vertical-align: inherit;\"><span style=\"vertical-align: inherit;\"><span style=\"vertical-align: inherit;\"><span style=\"vertical-align: inherit;\"><span style=\"vertical-align: inherit;\"><span style=\"vertical-align: inherit;\">Destaca-se como refer\u00eancia em excel\u00eancia e inova\u00e7\u00e3o na cria\u00e7\u00e3o de experi\u00eancias \u00fanicas.<\/span><\/span><\/span><\/span><\/span><\/span><\/span><\/span><\/span><\/strong><\/p>\n<p><span style=\"vertical-align: inherit;\">Os eventos possuem um enfoque multiprofissional, re\u00fane equipes intervencionistas, incluindo m\u00e9dicos, enfermeiros, radiologistas, e outros profissionais.\u00a0<\/span><\/p>\n<p><span style=\"text-align: var(--text-align); background-color: var(--body-bg-color); color: var(--body-text-color); font-family: var(--body-font); font-size: var(--body-font-size); font-weight: var(--body-font-weight); text-transform: var(--body-text-transform);\">Nossos eventos refletem o comprometimento da Inovensa em proporcionar oportunidades de aprendizado de alta qualidade, cobrindo temas relevantes e incentivando a intera\u00e7\u00e3o entre profissionais de diversas \u00e1reas. Funcionando como &#8220;curso de atualiza\u00e7\u00e3o&#8221;.<\/span><\/p>\n<p><span style=\"vertical-align: inherit;\"><span style=\"vertical-align: inherit;\"><span style=\"vertical-align: inherit;\">O objetivo dos eventos \u00e9 de explorar avan\u00e7os, tend\u00eancias e estrat\u00e9gias vision\u00e1rias no universo da hemodin\u00e2mica e radiologia intervencionista, conectando compet\u00eancias e tecnologias para impulsionar o futuro das interven\u00e7\u00f5es m\u00e9dicas.\u00a0<\/span><\/span><\/span><\/p>\t\t\t\t\t\t\t\t<\/div>\n\t\t\t\t<\/div>\n\t\t\t\t<\/div>\n\t\t<div class=\"elementor-element elementor-element-ec911fa e-con-full e-flex e-con e-child\" data-id=\"ec911fa\" data-element_type=\"container\">\n\t\t\t\t<div class=\"elementor-element elementor-element-e2fea28 elementor-widget elementor-widget-image\" data-id=\"e2fea28\" data-element_type=\"widget\" data-widget_type=\"image.default\">\n\t\t\t\t<div class=\"elementor-widget-container\">\n\t\t\t\t\t\t\t\t\t\t\t\t\t\t\t<img fetchpriority=\"high\" decoding=\"async\" width=\"374\" height=\"448\" src=\"https:\/\/ava.inovensa.com.br\/wp-content\/uploads\/2023\/11\/foto-yasmim-inovensa.png\" class=\"attachment-medium_large size-medium_large wp-image-14245\" alt=\"\" srcset=\"https:\/\/ava.inovensa.com.br\/wp-content\/uploads\/2023\/11\/foto-yasmim-inovensa.png 374w, https:\/\/ava.inovensa.com.br\/wp-content\/uploads\/2023\/11\/foto-yasmim-inovensa-250x300.png 250w\" sizes=\"(max-width: 374px) 100vw, 374px\" \/>\t\t\t\t\t\t\t\t\t\t\t\t\t\t\t<\/div>\n\t\t\t\t<\/div>\n\t\t\t\t<\/div>\n\t\t\t\t\t<\/div>\n\t\t\t\t<\/div>\n\t\t<div class=\"elementor-element elementor-element-87f211a e-flex e-con-boxed e-con e-parent\" data-id=\"87f211a\" data-element_type=\"container\">\n\t\t\t\t\t<div class=\"e-con-inner\">\n\t\t<div class=\"elementor-element elementor-element-114b5ef e-con-full e-flex e-con e-child\" data-id=\"114b5ef\" data-element_type=\"container\">\n\t\t\t\t<div class=\"elementor-element elementor-element-05698f5 elementor-widget elementor-widget-heading\" data-id=\"05698f5\" data-element_type=\"widget\" data-widget_type=\"heading.default\">\n\t\t\t\t<div class=\"elementor-widget-container\">\n\t\t\t\t\t<h2 class=\"elementor-heading-title elementor-size-medium\"><font color=\"#4B0082\">I - Workshop de Radioprote\u00e7\u00e3o - 2024<\/font><\/h2>\t\t\t\t<\/div>\n\t\t\t\t<\/div>\n\t\t\t\t<div class=\"elementor-element elementor-element-a00448f elementor-widget elementor-widget-text-editor\" data-id=\"a00448f\" data-element_type=\"widget\" data-widget_type=\"text-editor.default\">\n\t\t\t\t<div class=\"elementor-widget-container\">\n\t\t\t\t\t\t\t\t\t<p>Tem\u00e1tica:<strong>\u00a0Hemodin\u00e2mica e Radiologia Intervencionista<\/strong><\/p><p><span style=\"color: #3366ff;\"><strong>\u00a0<a style=\"color: #3366ff;\" href=\"https:\/\/ava.inovensa.com.br\/pt_br\/cursos\/workshop-de-radioprotecao-hemodinamica-e-radiologia-intervencionista\/\">SAIBA MAIS&#8230;<\/a><\/strong><\/span><\/p>\t\t\t\t\t\t\t\t<\/div>\n\t\t\t\t<\/div>\n\t\t\t\t<\/div>\n\t\t<div class=\"elementor-element elementor-element-a8d562f e-con-full e-flex e-con e-child\" data-id=\"a8d562f\" data-element_type=\"container\">\n\t\t\t\t<div class=\"elementor-element elementor-element-051aa7b elementor-widget elementor-widget-heading\" data-id=\"051aa7b\" data-element_type=\"widget\" data-widget_type=\"heading.default\">\n\t\t\t\t<div class=\"elementor-widget-container\">\n\t\t\t\t\t<h2 class=\"elementor-heading-title elementor-size-medium\"><font color=\"#4B0082\">III Simp\u00f3sio de Hemodin\u00e2mica e Radiologia Intervencionista  - 2023<\/font><\/h2>\t\t\t\t<\/div>\n\t\t\t\t<\/div>\n\t\t\t\t<div class=\"elementor-element elementor-element-2e88b50 elementor-widget elementor-widget-text-editor\" data-id=\"2e88b50\" data-element_type=\"widget\" data-widget_type=\"text-editor.default\">\n\t\t\t\t<div class=\"elementor-widget-container\">\n\t\t\t\t\t\t\t\t\t<p>Tem\u00e1tica:<strong>\u00a0Rumo ao Futuro das Interven\u00e7\u00f5es M\u00e9dicas\u00a0<\/strong>.<\/p><p><span style=\"color: #3366ff;\"><strong><a style=\"color: #3366ff;\" href=\"https:\/\/ava.inovensa.com.br\/wp-content\/uploads\/2023\/12\/Boletim-Informativo-do-III-Simposio-de-Hemodinamica-e-Radiologia-Intervencionista-2023.pdf\">\u00a0Boletim Informativo do Simp\u00f3sio.<\/a><\/strong><\/span><\/p>\t\t\t\t\t\t\t\t<\/div>\n\t\t\t\t<\/div>\n\t\t\t\t<\/div>\n\t\t<div class=\"elementor-element elementor-element-eabb9af e-con-full e-flex e-con e-child\" data-id=\"eabb9af\" data-element_type=\"container\">\n\t\t\t\t<div class=\"elementor-element elementor-element-3b2586b elementor-widget elementor-widget-heading\" data-id=\"3b2586b\" data-element_type=\"widget\" data-widget_type=\"heading.default\">\n\t\t\t\t<div class=\"elementor-widget-container\">\n\t\t\t\t\t<h2 class=\"elementor-heading-title elementor-size-medium\"><font color=\"#4B0082\">II Simp\u00f3sio de Hemodin\u00e2mica e Radiologia Intervencionista - 2022<\/font><\/h2>\t\t\t\t<\/div>\n\t\t\t\t<\/div>\n\t\t\t\t<div class=\"elementor-element elementor-element-8ca32a8 elementor-widget elementor-widget-text-editor\" data-id=\"8ca32a8\" data-element_type=\"widget\" data-widget_type=\"text-editor.default\">\n\t\t\t\t<div class=\"elementor-widget-container\">\n\t\t\t\t\t\t\t\t\t<p>Tem\u00e1tica:<strong>\u00a0A Nova Era dos Profissionais Intervencionistas\u00a0<\/strong><\/p>\t\t\t\t\t\t\t\t<\/div>\n\t\t\t\t<\/div>\n\t\t\t\t<\/div>\n\t\t<div class=\"elementor-element elementor-element-86325cf e-con-full e-flex e-con e-child\" data-id=\"86325cf\" data-element_type=\"container\">\n\t\t\t\t<div class=\"elementor-element elementor-element-fc4ba4a elementor-widget elementor-widget-heading\" data-id=\"fc4ba4a\" data-element_type=\"widget\" data-widget_type=\"heading.default\">\n\t\t\t\t<div class=\"elementor-widget-container\">\n\t\t\t\t\t<h2 class=\"elementor-heading-title elementor-size-medium\"><font color=\"#4B0082\">I - Simp\u00f3sio de Hemodin\u00e2mica e Radiologia Intervencionista - 2021<\/font><\/h2>\t\t\t\t<\/div>\n\t\t\t\t<\/div>\n\t\t\t\t<div class=\"elementor-element elementor-element-40480f7 elementor-widget elementor-widget-text-editor\" data-id=\"40480f7\" data-element_type=\"widget\" data-widget_type=\"text-editor.default\">\n\t\t\t\t<div class=\"elementor-widget-container\">\n\t\t\t\t\t\t\t\t\t<p>Tem\u00e1tica:<strong>\u00a0 A Cultura de Radioprote\u00e7\u00e3o em Ambientes Intervencionistas.<\/strong><\/p>\t\t\t\t\t\t\t\t<\/div>\n\t\t\t\t<\/div>\n\t\t\t\t<\/div>\n\t\t<div class=\"elementor-element elementor-element-ab4c598 e-con-full e-flex e-con e-child\" data-id=\"ab4c598\" data-element_type=\"container\">\n\t\t\t\t<div class=\"elementor-element elementor-element-f2b8c8d elementor-widget elementor-widget-heading\" data-id=\"f2b8c8d\" data-element_type=\"widget\" data-widget_type=\"heading.default\">\n\t\t\t\t<div class=\"elementor-widget-container\">\n\t\t\t\t\t<h2 class=\"elementor-heading-title elementor-size-medium\"><font color=\"#4B0082\"> III Col\u00f3quio de Radiologia  <\/font><\/h2>\t\t\t\t<\/div>\n\t\t\t\t<\/div>\n\t\t\t\t<div class=\"elementor-element elementor-element-586513e elementor-widget elementor-widget-text-editor\" data-id=\"586513e\" data-element_type=\"widget\" data-widget_type=\"text-editor.default\">\n\t\t\t\t<div class=\"elementor-widget-container\">\n\t\t\t\t\t\t\t\t\t<p><span style=\"vertical-align: inherit;\"><span style=\"vertical-align: inherit;\">Tem\u00e1tica:<strong> Os Desafios Profissionais e Tecnol\u00f3gicos na Hemodin\u00e2mica e Radiologia Intervencionista<\/strong><\/span><\/span><\/p>\t\t\t\t\t\t\t\t<\/div>\n\t\t\t\t<\/div>\n\t\t\t\t<\/div>\n\t\t<div class=\"elementor-element elementor-element-1157ec7 e-con-full e-flex e-con e-child\" data-id=\"1157ec7\" data-element_type=\"container\">\n\t\t\t\t<div class=\"elementor-element elementor-element-eeeb6a1 elementor-widget elementor-widget-heading\" data-id=\"eeeb6a1\" data-element_type=\"widget\" data-widget_type=\"heading.default\">\n\t\t\t\t<div class=\"elementor-widget-container\">\n\t\t\t\t\t<h2 class=\"elementor-heading-title elementor-size-medium\"><font color=\"#4B0082\">I e II Col\u00f3quio de Radiologia   <\/font><\/h2>\t\t\t\t<\/div>\n\t\t\t\t<\/div>\n\t\t\t\t<div class=\"elementor-element elementor-element-9e7e15d elementor-widget elementor-widget-text-editor\" data-id=\"9e7e15d\" data-element_type=\"widget\" data-widget_type=\"text-editor.default\">\n\t\t\t\t<div class=\"elementor-widget-container\">\n\t\t\t\t\t\t\t\t\t<p>Tem\u00e1tica: <strong>Resolu\u00e7\u00e3o RDC n\u00ba 330\/2019.<\/strong><\/p>\t\t\t\t\t\t\t\t<\/div>\n\t\t\t\t<\/div>\n\t\t\t\t<\/div>\n\t\t\t\t\t<\/div>\n\t\t\t\t<\/div>\n\t\t<div class=\"elementor-element elementor-element-e7e6036 e-flex e-con-boxed e-con e-parent\" data-id=\"e7e6036\" data-element_type=\"container\">\n\t\t\t\t\t<div class=\"e-con-inner\">\n\t\t\t\t<div class=\"elementor-element elementor-element-cf23f96 elementor-align-center elementor-widget__width-inherit elementor-absolute elementor-widget elementor-widget-button\" data-id=\"cf23f96\" data-element_type=\"widget\" data-settings=\"{&quot;_position&quot;:&quot;absolute&quot;}\" data-widget_type=\"button.default\">\n\t\t\t\t<div class=\"elementor-widget-container\">\n\t\t\t\t\t\t\t\t\t<div class=\"elementor-button-wrapper\">\n\t\t\t\t\t<a class=\"elementor-button elementor-button-link elementor-size-md\" href=\"https:\/\/ava.inovensa.com.br\/cursos\/iii_simposio_hemodinamica_radiologia_intervencionista-2\/\">\n\t\t\t\t\t\t<span class=\"elementor-button-content-wrapper\">\n\t\t\t\t\t\t\t\t\t<span class=\"elementor-button-text\">Atualize-se com o III Simp\u00f3sio<\/span>\n\t\t\t\t\t<\/span>\n\t\t\t\t\t<\/a>\n\t\t\t\t<\/div>\n\t\t\t\t\t\t\t\t<\/div>\n\t\t\t\t<\/div>\n\t\t\t\t\t<\/div>\n\t\t\t\t<\/div>\n\t\t\t\t<\/div>\n\t\t","protected":false},"excerpt":{"rendered":"<p>Eventos Realizados Destaca-se como refer\u00eancia em excel\u00eancia e inova\u00e7\u00e3o na cria\u00e7\u00e3o de experi\u00eancias \u00fanicas. Os eventos possuem um enfoque multiprofissional,<\/p>\n","protected":false},"author":1,"featured_media":14601,"parent":0,"menu_order":0,"comment_status":"closed","ping_status":"closed","template":"","meta":{"qubely_global_settings":"","qubely_interactions":"","_tutorstarter_page_metadata":{"sidebar_select":"","footer_select":"footer_one","page_title_toggle":false,"header_toggle":false,"header_trans_toggle":false,"footer_toggle":false},"footnotes":""},"class_list":["post-15489","page","type-page","status-publish","has-post-thumbnail","hentry"],"_links":{"self":[{"href":"https:\/\/ava.inovensa.com.br\/pt_br\/wp-json\/wp\/v2\/pages\/15489","targetHints":{"allow":["GET"]}}],"collection":[{"href":"https:\/\/ava.inovensa.com.br\/pt_br\/wp-json\/wp\/v2\/pages"}],"about":[{"href":"https:\/\/ava.inovensa.com.br\/pt_br\/wp-json\/wp\/v2\/types\/page"}],"author":[{"embeddable":true,"href":"https:\/\/ava.inovensa.com.br\/pt_br\/wp-json\/wp\/v2\/users\/1"}],"replies":[{"embeddable":true,"href":"https:\/\/ava.inovensa.com.br\/pt_br\/wp-json\/wp\/v2\/comments?post=15489"}],"version-history":[{"count":26,"href":"https:\/\/ava.inovensa.com.br\/pt_br\/wp-json\/wp\/v2\/pages\/15489\/revisions"}],"predecessor-version":[{"id":18035,"href":"https:\/\/ava.inovensa.com.br\/pt_br\/wp-json\/wp\/v2\/pages\/15489\/revisions\/18035"}],"wp:featuredmedia":[{"embeddable":true,"href":"https:\/\/ava.inovensa.com.br\/pt_br\/wp-json\/wp\/v2\/media\/14601"}],"wp:attachment":[{"href":"https:\/\/ava.inovensa.com.br\/pt_br\/wp-json\/wp\/v2\/media?parent=15489"}],"curies":[{"name":"wp","href":"https:\/\/api.w.org\/{rel}","templated":true}]}}