{"id":13237,"date":"2021-04-01T10:02:53","date_gmt":"2021-04-01T10:02:53","guid":{"rendered":"https:\/\/preview.tutorlms.com\/elementor-starter\/?page_id=13237"},"modified":"2024-10-17T15:05:15","modified_gmt":"2024-10-17T18:05:15","slug":"lista_cursos","status":"publish","type":"page","link":"https:\/\/ava.inovensa.com.br\/pt_br\/lista_cursos\/","title":{"rendered":"Cursos"},"content":{"rendered":"\t\t<div data-elementor-type=\"wp-page\" data-elementor-id=\"13237\" class=\"elementor elementor-13237\" data-elementor-post-type=\"page\">\n\t\t\t\t\t\t<section class=\"elementor-section elementor-top-section elementor-element elementor-element-29fb588 elementor-section-boxed elementor-section-height-default elementor-section-height-default\" data-id=\"29fb588\" data-element_type=\"section\">\n\t\t\t\t\t\t<div class=\"elementor-container elementor-column-gap-default\">\n\t\t\t\t\t<div class=\"elementor-column elementor-col-100 elementor-top-column elementor-element elementor-element-069ad06\" data-id=\"069ad06\" data-element_type=\"column\">\n\t\t\t<div class=\"elementor-widget-wrap elementor-element-populated\">\n\t\t\t\t\t\t<div class=\"elementor-element elementor-element-bc251b2 elementor-widget elementor-widget-html\" data-id=\"bc251b2\" data-element_type=\"widget\" data-widget_type=\"html.default\">\n\t\t\t\t<div class=\"elementor-widget-container\">\n\t\t\t\t\t<style>\n    .tutor-wrap img {\n        width: 100% !important;\n    }\n    .etlms-course-list-pagination-wrap {\n        margin-top: 60px;\n    }\n    @media (max-width: 1199px) {\n        .etlms-course-list-pagination-wrap {\n        margin-top: 40px;\n    }\n    }\n<\/style>\t\t\t\t<\/div>\n\t\t\t\t<\/div>\n\t\t\t\t<div class=\"elementor-element elementor-element-4677cd2 elementor-widget elementor-widget-heading\" data-id=\"4677cd2\" data-element_type=\"widget\" data-widget_type=\"heading.default\">\n\t\t\t\t<div class=\"elementor-widget-container\">\n\t\t\t\t\t<h2 class=\"elementor-heading-title elementor-size-default\"><font color=\"#4B0082\">Cursos de Curta Dura\u00e7\u00e3o<\/font><\/h2>\t\t\t\t<\/div>\n\t\t\t\t<\/div>\n\t\t\t\t<div class=\"elementor-element elementor-element-12fa695 elementor-widget elementor-widget-etlms-course-list tutor-addon etlms-course-list\" data-id=\"12fa695\" data-element_type=\"widget\" data-widget_type=\"etlms-course-list.default\">\n\t\t\t\t<div class=\"elementor-widget-container\">\n\t\t\t\t\t<div class=\"tutor-wrap tutor-courses-wrap tutor-container etlms-course-list-main-wrap\">\n\t\t\t\t\t<div class=\"etlms-course-list-loop-wrap tutor-course-list tutor-grid tutor-grid-3\">\n\t\t\t\t\t\t\t<div class=\"etlms-course-list-col\">\n\t\t\t\t\t<div class=\"tutor-card tutor-course-card tutor-loop-course-container etlms-course-card-classic   etlms-has-hover-animation\">\n            <div class=\"tutor-course-thumbnail\">\n        <a href=\"https:\/\/ava.inovensa.com.br\/pt_br\/cursos\/workshop-de-radioprotecao-hemodinamica-e-radiologia-intervencionista\/\" class=\"tutor-d-block\">\n            <div class=\"tutor-ratio tutor-ratio-16x9\">\n                <img decoding=\"async\" class=\"tutor-card-image-top\" src=\"https:\/\/ava.inovensa.com.br\/wp-content\/uploads\/2024\/11\/imagem-web-curso-1-768x640.png\" alt=\"Workshop de Radioprote\u00e7\u00e3o: Hemodin\u00e2mica e Radiologia Intervencionista\" loading=\"lazy\">\n            <\/div>\n        <\/a>\n    <\/div>\n\n    <div class=\"tutor-card-body\">\n        <div class=\"tutor-course-ratings tutor-mb-8\">\n    <div class=\"tutor-ratings\">\n        <div class=\"tutor-ratings-stars\">\n            <span class=\"tutor-icon-star-line\" data-rating-value=\"1\"><\/span><span class=\"tutor-icon-star-line\" data-rating-value=\"2\"><\/span><span class=\"tutor-icon-star-line\" data-rating-value=\"3\"><\/span><span class=\"tutor-icon-star-line\" data-rating-value=\"4\"><\/span><span class=\"tutor-icon-star-line\" data-rating-value=\"5\"><\/span>        <\/div>\n\n            <\/div>\n<\/div>\n<h3 class=\"tutor-course-name tutor-fs-5 tutor-fw-medium tutor-mb-12\" title=\"Workshop de Radioprote\u00e7\u00e3o: Hemodin\u00e2mica e Radiologia Intervencionista\">\n    <a href=\"https:\/\/ava.inovensa.com.br\/pt_br\/cursos\/workshop-de-radioprotecao-hemodinamica-e-radiologia-intervencionista\/\">Workshop de Radioprote\u00e7\u00e3o: Hemodin\u00e2mica e Radiologia Intervencionista<\/a>\n<\/h3>\n    <\/div>\n\n    <div class=\"tutor-card-footer\">\n    <div class=\" tutor-d-flex tutor-align-center tutor-justify-between \"><div class=\"list-item-price tutor-d-flex tutor-align-center\"> <span class=\"price tutor-fs-6 tutor-fw-bold tutor-color-black\"><del aria-hidden=\"true\"><span class=\"woocommerce-Price-amount amount\"><bdi><span class=\"woocommerce-Price-currencySymbol\">&#82;&#36;<\/span>&nbsp;100,00<\/bdi><\/span><\/del> <span class=\"screen-reader-text\">O pre\u00e7o original era: &#082;&#036;&nbsp;100,00.<\/span><ins aria-hidden=\"true\"><span class=\"woocommerce-Price-amount amount\"><bdi><span class=\"woocommerce-Price-currencySymbol\">&#82;&#36;<\/span>&nbsp;50,00<\/bdi><\/span><\/ins><span class=\"screen-reader-text\">O pre\u00e7o atual \u00e9: &#082;&#036;&nbsp;50,00.<\/span> <\/span><\/div><div class=\"list-item-button\"> \n\t<a href=\"\/pt_br\/wp-json\/wp\/v2\/pages\/13237?add-to-cart=17958\" data-quantity=\"1\" class=\"tutor-btn tutor-btn-outline-primary tutor-btn-md tutor-btn-block  product_type_simple add_to_cart_button  ajax_add_to_cart\" data-product_id=\"17958\" data-product_sku=\"W_RDP_01\" aria-label=\"Adicionar ao carrinho: &quot;Workshop de Radioprote\u00e7\u00e3o: Hemodin\u00e2mica e Radiologia Intervencionista&quot;\" rel=\"nofollow\"><span class=\"tutor-icon-cart-line tutor-mr-8\"><\/span><span class=\"cart-text\">Comprar<\/span><\/a> <\/div><\/div><\/div>\n<\/div>\t\t\t\t<\/div>\n\t\t\t\t\t\t\t<div class=\"etlms-course-list-col\">\n\t\t\t\t\t<div class=\"tutor-card tutor-course-card tutor-loop-course-container etlms-course-card-classic   etlms-has-hover-animation\">\n            <div class=\"tutor-course-thumbnail\">\n        <a href=\"https:\/\/ava.inovensa.com.br\/pt_br\/cursos\/curso-de-anatomia-muscular-cardiaca\/\" class=\"tutor-d-block\">\n            <div class=\"tutor-ratio tutor-ratio-16x9\">\n                <img decoding=\"async\" class=\"tutor-card-image-top\" src=\"https:\/\/ava.inovensa.com.br\/wp-content\/uploads\/2024\/10\/capa-estrutura-muscular-768x768.png\" alt=\"Curso de Anatomia Muscular Card\u00edaca\" loading=\"lazy\">\n            <\/div>\n        <\/a>\n    <\/div>\n\n    <div class=\"tutor-card-body\">\n        <div class=\"tutor-course-ratings tutor-mb-8\">\n    <div class=\"tutor-ratings\">\n        <div class=\"tutor-ratings-stars\">\n            <span class=\"tutor-icon-star-line\" data-rating-value=\"1\"><\/span><span class=\"tutor-icon-star-line\" data-rating-value=\"2\"><\/span><span class=\"tutor-icon-star-line\" data-rating-value=\"3\"><\/span><span class=\"tutor-icon-star-line\" data-rating-value=\"4\"><\/span><span class=\"tutor-icon-star-line\" data-rating-value=\"5\"><\/span>        <\/div>\n\n            <\/div>\n<\/div>\n<h3 class=\"tutor-course-name tutor-fs-5 tutor-fw-medium tutor-mb-12\" title=\"Curso de Anatomia Muscular Card\u00edaca\">\n    <a href=\"https:\/\/ava.inovensa.com.br\/pt_br\/cursos\/curso-de-anatomia-muscular-cardiaca\/\">Curso de Anatomia Muscular Card\u00edaca<\/a>\n<\/h3>\n    <\/div>\n\n    <div class=\"tutor-card-footer\">\n    <div class=\" tutor-d-flex tutor-align-center tutor-justify-between \"><div class=\"list-item-price tutor-d-flex tutor-align-center\"> <span class=\"price tutor-fs-6 tutor-fw-bold tutor-color-black\"><del aria-hidden=\"true\"><span class=\"woocommerce-Price-amount amount\"><bdi><span class=\"woocommerce-Price-currencySymbol\">&#82;&#36;<\/span>&nbsp;150,00<\/bdi><\/span><\/del> <span class=\"screen-reader-text\">O pre\u00e7o original era: &#082;&#036;&nbsp;150,00.<\/span><ins aria-hidden=\"true\"><span class=\"woocommerce-Price-amount amount\"><bdi><span class=\"woocommerce-Price-currencySymbol\">&#82;&#36;<\/span>&nbsp;50,00<\/bdi><\/span><\/ins><span class=\"screen-reader-text\">O pre\u00e7o atual \u00e9: &#082;&#036;&nbsp;50,00.<\/span> <\/span><\/div><div class=\"list-item-button\"> \n\t<a href=\"\/pt_br\/wp-json\/wp\/v2\/pages\/13237?add-to-cart=17826\" data-quantity=\"1\" class=\"tutor-btn tutor-btn-outline-primary tutor-btn-md tutor-btn-block  product_type_simple add_to_cart_button  ajax_add_to_cart\" data-product_id=\"17826\" data-product_sku=\"\" aria-label=\"Adicionar ao carrinho: &quot;Curso de Anatomia Muscular Card\u00edaca&quot;\" rel=\"nofollow\"><span class=\"tutor-icon-cart-line tutor-mr-8\"><\/span><span class=\"cart-text\">Comprar<\/span><\/a> <\/div><\/div><\/div>\n<\/div>\t\t\t\t<\/div>\n\t\t\t\t\t\t\t<div class=\"etlms-course-list-col\">\n\t\t\t\t\t<div class=\"tutor-card tutor-course-card tutor-loop-course-container etlms-course-card-classic   etlms-has-hover-animation\">\n            <div class=\"tutor-course-thumbnail\">\n        <a href=\"https:\/\/ava.inovensa.com.br\/pt_br\/cursos\/novo-curso-anatomia\/\" class=\"tutor-d-block\">\n            <div class=\"tutor-ratio tutor-ratio-16x9\">\n                <img decoding=\"async\" class=\"tutor-card-image-top\" src=\"https:\/\/ava.inovensa.com.br\/wp-content\/uploads\/2024\/08\/Sin-titulo-1-1-768x768.png\" alt=\"Curso de Introdu\u00e7\u00e3o \u00e0 Anatomia Cardiovascular: Forma\u00e7\u00e3o Inicial e Revis\u00e3o\" loading=\"lazy\">\n            <\/div>\n        <\/a>\n    <\/div>\n\n    <div class=\"tutor-card-body\">\n        <div class=\"tutor-course-ratings tutor-mb-8\">\n    <div class=\"tutor-ratings\">\n        <div class=\"tutor-ratings-stars\">\n            <span class=\"tutor-icon-star-line\" data-rating-value=\"1\"><\/span><span class=\"tutor-icon-star-line\" data-rating-value=\"2\"><\/span><span class=\"tutor-icon-star-line\" data-rating-value=\"3\"><\/span><span class=\"tutor-icon-star-line\" data-rating-value=\"4\"><\/span><span class=\"tutor-icon-star-line\" data-rating-value=\"5\"><\/span>        <\/div>\n\n            <\/div>\n<\/div>\n<h3 class=\"tutor-course-name tutor-fs-5 tutor-fw-medium tutor-mb-12\" title=\"Curso de Introdu\u00e7\u00e3o \u00e0 Anatomia Cardiovascular: Forma\u00e7\u00e3o Inicial e Revis\u00e3o\">\n    <a href=\"https:\/\/ava.inovensa.com.br\/pt_br\/cursos\/novo-curso-anatomia\/\">Curso de Introdu\u00e7\u00e3o \u00e0 Anatomia Cardiovascular: Forma\u00e7\u00e3o Inicial e Revis\u00e3o<\/a>\n<\/h3>\n    <\/div>\n\n    <div class=\"tutor-card-footer\">\n    <div class=\" tutor-d-flex tutor-align-center tutor-justify-between \"><div class=\"list-item-price tutor-d-flex tutor-align-center\"> <span class=\"price tutor-fs-6 tutor-fw-bold tutor-color-black\"><del aria-hidden=\"true\"><span class=\"woocommerce-Price-amount amount\"><bdi><span class=\"woocommerce-Price-currencySymbol\">&#82;&#36;<\/span>&nbsp;150,00<\/bdi><\/span><\/del> <span class=\"screen-reader-text\">O pre\u00e7o original era: &#082;&#036;&nbsp;150,00.<\/span><ins aria-hidden=\"true\"><span class=\"woocommerce-Price-amount amount\"><bdi><span class=\"woocommerce-Price-currencySymbol\">&#82;&#36;<\/span>&nbsp;50,00<\/bdi><\/span><\/ins><span class=\"screen-reader-text\">O pre\u00e7o atual \u00e9: &#082;&#036;&nbsp;50,00.<\/span> <\/span><\/div><div class=\"list-item-button\"> \n\t<a href=\"\/pt_br\/wp-json\/wp\/v2\/pages\/13237?add-to-cart=17369\" data-quantity=\"1\" class=\"tutor-btn tutor-btn-outline-primary tutor-btn-md tutor-btn-block  product_type_simple add_to_cart_button  ajax_add_to_cart\" data-product_id=\"17369\" data-product_sku=\"\" aria-label=\"Adicionar ao carrinho: &quot;Curso de Introdu\u00e7\u00e3o \u00e0 Anatomia Cardiovascular: Forma\u00e7\u00e3o Inicial e Revis\u00e3o&quot;\" rel=\"nofollow\"><span class=\"tutor-icon-cart-line tutor-mr-8\"><\/span><span class=\"cart-text\">Comprar<\/span><\/a> <\/div><\/div><\/div>\n<\/div>\t\t\t\t<\/div>\n\t\t\t\t\t\t\t<div class=\"etlms-course-list-col\">\n\t\t\t\t\t<div class=\"tutor-card tutor-course-card tutor-loop-course-container etlms-course-card-classic   etlms-has-hover-animation\">\n            <div class=\"tutor-course-thumbnail\">\n        <a href=\"https:\/\/ava.inovensa.com.br\/pt_br\/cursos\/atualizacao-para-boas-praticas-de-radioprotecao-na-medicina\/\" class=\"tutor-d-block\">\n            <div class=\"tutor-ratio tutor-ratio-16x9\">\n                <img decoding=\"async\" class=\"tutor-card-image-top\" src=\"https:\/\/ava.inovensa.com.br\/wp-content\/uploads\/2024\/06\/WhatsApp-Image-2024-06-12-at-18.28.28-768x768.jpeg\" alt=\"Atualiza\u00e7\u00e3o Para Boas Pr\u00e1ticas de Radioprote\u00e7\u00e3o na Medicina\" loading=\"lazy\">\n            <\/div>\n        <\/a>\n    <\/div>\n\n    <div class=\"tutor-card-body\">\n        <div class=\"tutor-course-ratings tutor-mb-8\">\n    <div class=\"tutor-ratings\">\n        <div class=\"tutor-ratings-stars\">\n            <span class=\"tutor-icon-star-line\" data-rating-value=\"1\"><\/span><span class=\"tutor-icon-star-line\" data-rating-value=\"2\"><\/span><span class=\"tutor-icon-star-line\" data-rating-value=\"3\"><\/span><span class=\"tutor-icon-star-line\" data-rating-value=\"4\"><\/span><span class=\"tutor-icon-star-line\" data-rating-value=\"5\"><\/span>        <\/div>\n\n            <\/div>\n<\/div>\n<h3 class=\"tutor-course-name tutor-fs-5 tutor-fw-medium tutor-mb-12\" title=\"Atualiza\u00e7\u00e3o Para Boas Pr\u00e1ticas de Radioprote\u00e7\u00e3o na Medicina\">\n    <a href=\"https:\/\/ava.inovensa.com.br\/pt_br\/cursos\/atualizacao-para-boas-praticas-de-radioprotecao-na-medicina\/\">Atualiza\u00e7\u00e3o Para Boas Pr\u00e1ticas de Radioprote\u00e7\u00e3o na Medicina<\/a>\n<\/h3>\n    <\/div>\n\n    <div class=\"tutor-card-footer\">\n    <div class=\"tutor-course-list-btn\"><a href=\"https:\/\/ava.inovensa.com.br\/pt_br\/cursos\/atualizacao-para-boas-praticas-de-radioprotecao-na-medicina\/\" class=\"tutor-btn tutor-btn-outline-primary tutor-btn-md tutor-btn-block \">Matricular-se no Curso<\/a><\/div><\/div>\n<\/div>\t\t\t\t<\/div>\n\t\t\t\t\t\t\t<div class=\"etlms-course-list-col\">\n\t\t\t\t\t<div class=\"tutor-card tutor-course-card tutor-loop-course-container etlms-course-card-classic   etlms-has-hover-animation\">\n            <div class=\"tutor-course-thumbnail\">\n        <a href=\"https:\/\/ava.inovensa.com.br\/pt_br\/cursos\/radioprotecao\/\" class=\"tutor-d-block\">\n            <div class=\"tutor-ratio tutor-ratio-16x9\">\n                <img decoding=\"async\" class=\"tutor-card-image-top\" src=\"https:\/\/ava.inovensa.com.br\/wp-content\/uploads\/2024\/05\/Sem-titulo-3-768x768.jpeg\" alt=\"Conceitos de Radioprote\u00e7\u00e3o Aplicados na Medicina\" loading=\"lazy\">\n            <\/div>\n        <\/a>\n    <\/div>\n\n    <div class=\"tutor-card-body\">\n        <div class=\"tutor-course-ratings tutor-mb-8\">\n    <div class=\"tutor-ratings\">\n        <div class=\"tutor-ratings-stars\">\n            <span class=\"tutor-icon-star-bold\" data-rating-value=\"1\"><\/span><span class=\"tutor-icon-star-bold\" data-rating-value=\"2\"><\/span><span class=\"tutor-icon-star-bold\" data-rating-value=\"3\"><\/span><span class=\"tutor-icon-star-bold\" data-rating-value=\"4\"><\/span><span class=\"tutor-icon-star-bold\" data-rating-value=\"5\"><\/span>        <\/div>\n\n                    <div class=\"tutor-ratings-average\">5.00<\/div>\n            <div class=\"tutor-ratings-count\">(1)<\/div>\n            <\/div>\n<\/div>\n<h3 class=\"tutor-course-name tutor-fs-5 tutor-fw-medium tutor-mb-12\" title=\"Conceitos de Radioprote\u00e7\u00e3o Aplicados na Medicina\">\n    <a href=\"https:\/\/ava.inovensa.com.br\/pt_br\/cursos\/radioprotecao\/\">Conceitos de Radioprote\u00e7\u00e3o Aplicados na Medicina<\/a>\n<\/h3>\n    <\/div>\n\n    <div class=\"tutor-card-footer\">\n    <div class=\" tutor-d-flex tutor-align-center tutor-justify-between \"><div class=\"list-item-price tutor-d-flex tutor-align-center\"> <span class=\"price tutor-fs-6 tutor-fw-bold tutor-color-black\"><del aria-hidden=\"true\"><span class=\"woocommerce-Price-amount amount\"><bdi><span class=\"woocommerce-Price-currencySymbol\">&#82;&#36;<\/span>&nbsp;80,00<\/bdi><\/span><\/del> <span class=\"screen-reader-text\">O pre\u00e7o original era: &#082;&#036;&nbsp;80,00.<\/span><ins aria-hidden=\"true\"><span class=\"woocommerce-Price-amount amount\"><bdi><span class=\"woocommerce-Price-currencySymbol\">&#82;&#36;<\/span>&nbsp;50,00<\/bdi><\/span><\/ins><span class=\"screen-reader-text\">O pre\u00e7o atual \u00e9: &#082;&#036;&nbsp;50,00.<\/span> <\/span><\/div><div class=\"list-item-button\"> \n\t<a href=\"\/pt_br\/wp-json\/wp\/v2\/pages\/13237?add-to-cart=15990\" data-quantity=\"1\" class=\"tutor-btn tutor-btn-outline-primary tutor-btn-md tutor-btn-block  product_type_simple add_to_cart_button  ajax_add_to_cart\" data-product_id=\"15990\" data-product_sku=\"\" aria-label=\"Adicionar ao carrinho: &quot;Conceitos de Radioprote\u00e7\u00e3o Aplicados na Medicina&quot;\" rel=\"nofollow\"><span class=\"tutor-icon-cart-line tutor-mr-8\"><\/span><span class=\"cart-text\">Comprar<\/span><\/a> <\/div><\/div><\/div>\n<\/div>\t\t\t\t<\/div>\n\t\t\t\t\t\t\t<div class=\"etlms-course-list-col\">\n\t\t\t\t\t<div class=\"tutor-card tutor-course-card tutor-loop-course-container etlms-course-card-classic   etlms-has-hover-animation\">\n            <div class=\"tutor-course-thumbnail\">\n        <a href=\"https:\/\/ava.inovensa.com.br\/pt_br\/cursos\/iii_simposio_hemodinamica_radiologia_intervencionista-2\/\" class=\"tutor-d-block\">\n            <div class=\"tutor-ratio tutor-ratio-16x9\">\n                <img decoding=\"async\" class=\"tutor-card-image-top\" src=\"https:\/\/ava.inovensa.com.br\/wp-content\/uploads\/2023\/12\/Slide1-768x432.png\" alt=\"III &#8211; Simp\u00f3sio de Hemodin\u00e2mica e Radiologia Intervencionista.\" loading=\"lazy\">\n            <\/div>\n        <\/a>\n    <\/div>\n\n    <div class=\"tutor-card-body\">\n        <div class=\"tutor-course-ratings tutor-mb-8\">\n    <div class=\"tutor-ratings\">\n        <div class=\"tutor-ratings-stars\">\n            <span class=\"tutor-icon-star-line\" data-rating-value=\"1\"><\/span><span class=\"tutor-icon-star-line\" data-rating-value=\"2\"><\/span><span class=\"tutor-icon-star-line\" data-rating-value=\"3\"><\/span><span class=\"tutor-icon-star-line\" data-rating-value=\"4\"><\/span><span class=\"tutor-icon-star-line\" data-rating-value=\"5\"><\/span>        <\/div>\n\n            <\/div>\n<\/div>\n<h3 class=\"tutor-course-name tutor-fs-5 tutor-fw-medium tutor-mb-12\" title=\"III &#8211; Simp\u00f3sio de Hemodin\u00e2mica e Radiologia Intervencionista.\">\n    <a href=\"https:\/\/ava.inovensa.com.br\/pt_br\/cursos\/iii_simposio_hemodinamica_radiologia_intervencionista-2\/\">III &#8211; Simp\u00f3sio de Hemodin\u00e2mica e Radiologia Intervencionista.<\/a>\n<\/h3>\n    <\/div>\n\n    <div class=\"tutor-card-footer\">\n    <div class=\" tutor-d-flex tutor-align-center tutor-justify-between \"><div class=\"list-item-price tutor-d-flex tutor-align-center\"> <span class=\"price tutor-fs-6 tutor-fw-bold tutor-color-black\"><span class=\"woocommerce-Price-amount amount\"><bdi><span class=\"woocommerce-Price-currencySymbol\">&#82;&#36;<\/span>&nbsp;100,00<\/bdi><\/span> <\/span><\/div><div class=\"list-item-button\"> \n\t<a href=\"\/pt_br\/wp-json\/wp\/v2\/pages\/13237?add-to-cart=14507\" data-quantity=\"1\" class=\"tutor-btn tutor-btn-outline-primary tutor-btn-md tutor-btn-block  product_type_simple add_to_cart_button  ajax_add_to_cart\" data-product_id=\"14507\" data-product_sku=\"0603-03\" aria-label=\"Adicionar ao carrinho: &quot;III - Simp\u00f3sio de Hemodin\u00e2mica e Radiologia Intervencionista.&quot;\" rel=\"nofollow\"><span class=\"tutor-icon-cart-line tutor-mr-8\"><\/span><span class=\"cart-text\">Comprar<\/span><\/a> <\/div><\/div><\/div>\n<\/div>\t\t\t\t<\/div>\n\t\t\t\t\t<\/div>\n\n\t\t\t\t\t\t\t<div class=\"etlms-course-list-pagination-wrap tutor-mt-32\">\n\t\t\t<div class=\"etlms-pagination prev-next\">\n\t\t\t\t\t\t\t<\/div>\n\n\t\t\t<div class=\"etlms-pagination pagination-numbers-prev-next\">\n\t\t\t\t\t\t\t<\/div>\n\t\t\t\t<\/div>\n\t\t\t\t<\/div>\n<div class=\"tutor-modal tutor-login-modal\" role=\"dialog\" aria-modal=\"true\" aria-labelledby=\"tutor-login-modal-title\" aria-hidden=\"true\">\n\t<div class=\"tutor-modal-overlay\"><\/div>\n\t<div class=\"tutor-modal-window tutor-modal-window-sm\">\n\t\t<div class=\"tutor-modal-content tutor-modal-content-white\">\n\t\t\t<button class=\"tutor-iconic-btn tutor-modal-close-o\" data-tutor-modal-close aria-label=\"Close login dialog\">\n\t\t\t\t<span class=\"tutor-icon-times\" aria-hidden=\"true\"><\/span>\n\t\t\t<\/button>\n\n\t\t\t<div class=\"tutor-modal-body\">\n\t\t\t\t<div class=\"tutor-py-48\">\n\t\t\t\t\t\t\t\t\t\t<div id=\"tutor-login-modal-title\" class=\"tutor-fs-4 tutor-fw-medium tutor-color-black tutor-mb-32\">Ol\u00e1, bem-vindo de volta!<\/div>\n\t\t\t\t\t<form id=\"tutor-login-form\" method=\"post\">\n\t\t<input type=\"hidden\" id=\"_tutor_nonce\" name=\"_tutor_nonce\" value=\"6c394c61b9\" \/><input type=\"hidden\" name=\"_wp_http_referer\" value=\"\/pt_br\/wp-json\/wp\/v2\/pages\/13237\" \/>\t<input type=\"hidden\" name=\"tutor_action\" value=\"tutor_user_login\" \/>\n\t<input type=\"hidden\" name=\"redirect_to\" value=\"https:\/\/ava.inovensa.com.br\/pt_br\/wp-json\/wp\/v2\/pages\/13237\" \/>\n\n\t<div class=\"tutor-mb-20\">\n\t\t<input type=\"text\" class=\"tutor-form-control\" placeholder=\"Usu\u00e1rio ou endere\u00e7o de e-mail\" name=\"log\" value=\"\" size=\"20\" required\/>\n\t<\/div>\n\n\t<div class=\"tutor-mb-32\">\n\t\t<input type=\"password\" class=\"tutor-form-control\" placeholder=\"Senha\" name=\"pwd\" value=\"\" size=\"20\" required\/>\n\t<\/div>\n\n\t<div class=\"tutor-login-error\" role=\"alert\" aria-live=\"polite\"><\/div>\n\t\t\t<input type=\"hidden\" name=\"timezone\" value=\"America\/Sao_Paulo\" \/>\n\t\t<script>\n\t\t\tdocument.addEventListener('DOMContentLoaded', function() {\n\t\t\t\tconst timezone = document.querySelector('input[name=\"timezone\"]');\n\t\t\t\tif ( timezone) {\n\t\t\t\t\tconst tz = Intl.DateTimeFormat().resolvedOptions().timeZone;\n\t\t\t\t\ttimezone.value = tz\n\t\t\t\t}\n\t\t\t});\n\t\t<\/script>\n\t\t\t<div class=\"tutor-d-flex tutor-justify-between tutor-align-center tutor-mb-40\">\n\t\t<div class=\"tutor-form-check\">\n\t\t\t<input id=\"tutor-login-agmnt-1\" type=\"checkbox\" class=\"tutor-form-check-input tutor-bg-black-40\" name=\"rememberme\" value=\"forever\" \/>\n\t\t\t<label for=\"tutor-login-agmnt-1\" class=\"tutor-fs-7 tutor-color-muted\">\n\t\t\t\tManter logado\t\t\t<\/label>\n\t\t<\/div>\n\t\t<a href=\"https:\/\/ava.inovensa.com.br\/pt_br\/painel\/retrieve-password\" class=\"tutor-btn tutor-btn-ghost\">\n\t\t\tForgot Password?\t\t<\/a>\n\t<\/div>\n\n\t\t<button type=\"submit\" class=\"tutor-btn tutor-btn-primary tutor-btn-block\">\n\t\tEntrar\t<\/button>\n\n\t\t\t\t\t<div class=\"tutor-text-center tutor-fs-6 tutor-color-secondary tutor-mt-20\">\n\t\t\tAinda n\u00e3o tem uma conta?&nbsp;\n\t\t\t<a href=\"https:\/\/ava.inovensa.com.br\/pt_br\/cadastro-de-alunos\/?redirect_to=https:\/\/ava.inovensa.com.br\/pt_br\/wp-json\/wp\/v2\/pages\/13237\" class=\"tutor-btn tutor-btn-link\">\n\t\t\t\tRegistrar agora\t\t\t<\/a>\n\t\t<\/div>\n\t\t<\/form>\n<script>\n\tdocument.addEventListener('DOMContentLoaded', function() {\n\t\tvar loginModal = document.querySelector('.tutor-modal.tutor-login-modal');\n\t\tvar errors = [];\n\t\tif (loginModal && errors.length) {\n\t\t\tloginModal.classList.add('tutor-is-active');\n\t\t}\n\t});\n<\/script>\n\n\t\t\t\t\t\t\t\t\t<\/div>\n\t\t\t\t\t\t<style>\n\t\t\t#tutor-pro-twitter-login {\n\t\t\t\twidth: 400px; background-color: #00acee; border-color: #00acee; font-weight: bold;\n\t\t\t}\n\t\t<\/style>\n\t\t<div id=\"tutor-pro-social-authentication\" class=\"tutor-pt-24 tutor-d-flex tutor-flex-column tutor-align-center tutor-border-top-light\" style=\"gap: 10px;\">\n\t\t\t\t\t<\/div>\n\t\t\t\t\t<\/div>\n\t\t<\/div>\n\t<\/div>\n<\/div>\n\t\t\t\t<\/div>\n\t\t\t\t<\/div>\n\t\t\t\t\t<\/div>\n\t\t<\/div>\n\t\t\t\t\t<\/div>\n\t\t<\/section>\n\t\t<div class=\"elementor-element elementor-element-c02c4bf e-flex e-con-boxed e-con e-parent\" data-id=\"c02c4bf\" data-element_type=\"container\">\n\t\t\t\t\t<div class=\"e-con-inner\">\n\t\t\t\t\t<\/div>\n\t\t\t\t<\/div>\n\t\t\t\t<\/div>\n\t\t","protected":false},"excerpt":{"rendered":"<p>Cursos de Curta Dura\u00e7\u00e3o Curso de Agendamento de Procedimentos Intervencionistas Comece a estudar Curso de Biosseguran\u00e7a em Setor Intervencionista Comece<\/p>\n","protected":false},"author":1,"featured_media":0,"parent":0,"menu_order":0,"comment_status":"closed","ping_status":"closed","template":"elementor_header_footer","meta":{"qubely_global_settings":"","qubely_interactions":"","_tutorstarter_page_metadata":{"sidebar_select":"","footer_select":"","page_title_toggle":false,"header_toggle":false,"header_trans_toggle":false,"footer_toggle":false},"footnotes":""},"class_list":["post-13237","page","type-page","status-publish","hentry"],"_links":{"self":[{"href":"https:\/\/ava.inovensa.com.br\/pt_br\/wp-json\/wp\/v2\/pages\/13237","targetHints":{"allow":["GET"]}}],"collection":[{"href":"https:\/\/ava.inovensa.com.br\/pt_br\/wp-json\/wp\/v2\/pages"}],"about":[{"href":"https:\/\/ava.inovensa.com.br\/pt_br\/wp-json\/wp\/v2\/types\/page"}],"author":[{"embeddable":true,"href":"https:\/\/ava.inovensa.com.br\/pt_br\/wp-json\/wp\/v2\/users\/1"}],"replies":[{"embeddable":true,"href":"https:\/\/ava.inovensa.com.br\/pt_br\/wp-json\/wp\/v2\/comments?post=13237"}],"version-history":[{"count":8,"href":"https:\/\/ava.inovensa.com.br\/pt_br\/wp-json\/wp\/v2\/pages\/13237\/revisions"}],"predecessor-version":[{"id":17881,"href":"https:\/\/ava.inovensa.com.br\/pt_br\/wp-json\/wp\/v2\/pages\/13237\/revisions\/17881"}],"wp:attachment":[{"href":"https:\/\/ava.inovensa.com.br\/pt_br\/wp-json\/wp\/v2\/media?parent=13237"}],"curies":[{"name":"wp","href":"https:\/\/api.w.org\/{rel}","templated":true}]}}